{"id":1918,"date":"2019-06-17T07:01:14","date_gmt":"2019-06-17T07:01:14","guid":{"rendered":"http:\/\/txearana.net\/?page_id=1918"},"modified":"2019-07-05T19:00:04","modified_gmt":"2019-07-05T19:00:04","slug":"sobre-mi","status":"publish","type":"page","link":"https:\/\/txearana.net\/es\/sobre-mi\/","title":{"rendered":"Sobre mi"},"content":{"rendered":"<p>[vc_row css_animation=\u00bb\u00bb row_type=\u00bbrow\u00bb use_row_as_full_screen_section=\u00bbno\u00bb type=\u00bbfull_width\u00bb angled_section=\u00bbno\u00bb text_align=\u00bbleft\u00bb background_image_as_pattern=\u00bbwithout_pattern\u00bb][vc_column]\n<div id=\"rev_slider_2_1_wrapper\" class=\"rev_slider_wrapper fullwidthbanner-container\" data-source=\"gallery\" style=\"margin:0px auto;background:transparent;padding:0px;margin-top:0px;margin-bottom:0px;\">\n<!-- START REVOLUTION SLIDER 5.4.8 auto mode -->\n\t<div id=\"rev_slider_2_1\" class=\"rev_slider fullwidthabanner\" style=\"display:none;\" data-version=\"5.4.8\">\n<ul>\t<!-- SLIDE  -->\n\t<li data-index=\"rs-2\" data-transition=\"fade\" data-slotamount=\"default\" data-hideafterloop=\"0\" data-hideslideonmobile=\"off\"  data-easein=\"default\" data-easeout=\"default\" data-masterspeed=\"300\"  data-rotate=\"0\"  data-saveperformance=\"off\"  data-title=\"Slide\" data-param1=\"\" data-param2=\"\" data-param3=\"\" data-param4=\"\" data-param5=\"\" data-param6=\"\" data-param7=\"\" data-param8=\"\" data-param9=\"\" data-param10=\"\" data-description=\"\">\n\t\t<!-- MAIN IMAGE -->\n\t\t<img src=\"https:\/\/txearana.net\/wp-content\/uploads\/2018\/04\/estudi-txearana-home.jpg\"  alt=\"\" title=\"estudi-txearana-home\"  width=\"1920\" height=\"1080\" data-bgposition=\"center center\" data-bgfit=\"cover\" data-bgrepeat=\"no-repeat\" class=\"rev-slidebg\" data-no-retina>\n\t\t<!-- LAYERS -->\n\n\t\t<!-- LAYER NR. 1 -->\n\t\t<div class=\"tp-caption   tp-resizeme\" \n\t\t\t id=\"slide-2-layer-7\" \n\t\t\t data-x=\"['center','center','center','center']\" data-hoffset=\"['0','0','0','0']\" \n\t\t\t data-y=\"['middle','middle','middle','middle']\" data-voffset=\"['0','0','0','0']\" \n\t\t\t\t\t\tdata-width=\"none\"\n\t\t\tdata-height=\"none\"\n\t\t\tdata-whitespace=\"nowrap\"\n \n\t\t\tdata-type=\"image\" \n\t\t\tdata-responsive_offset=\"on\" \n\n\t\t\tdata-frames='[{\"delay\":320,\"speed\":1170,\"frame\":\"0\",\"from\":\"opacity:0;\",\"to\":\"o:1;\",\"ease\":\"Power3.easeInOut\"},{\"delay\":\"wait\",\"speed\":300,\"frame\":\"999\",\"to\":\"opacity:0;\",\"ease\":\"Power3.easeInOut\"}]'\n\t\t\tdata-textAlign=\"['inherit','inherit','inherit','inherit']\"\n\t\t\tdata-paddingtop=\"[0,0,0,0]\"\n\t\t\tdata-paddingright=\"[0,0,0,0]\"\n\t\t\tdata-paddingbottom=\"[0,0,0,0]\"\n\t\t\tdata-paddingleft=\"[0,0,0,0]\"\n\n\t\t\tstyle=\"z-index: 5;\"><img src=\"https:\/\/txearana.net\/wp-content\/uploads\/2018\/04\/Recurso-1@2x-1.png\" alt=\"\" data-ww=\"['256px','256px','256px','256px']\" data-hh=\"['219px','219px','219px','219px']\" width=\"429\" height=\"367\" data-no-retina> <\/div>\n\t<\/li>\n<\/ul>\n<div class=\"tp-bannertimer tp-bottom\" style=\"visibility: hidden !important;\"><\/div>\t<\/div>\n<script>var htmlDiv = document.getElementById(\"rs-plugin-settings-inline-css\"); var htmlDivCss=\"\";\n\t\t\t\tif(htmlDiv) {\n\t\t\t\t\thtmlDiv.innerHTML = htmlDiv.innerHTML + htmlDivCss;\n\t\t\t\t}else{\n\t\t\t\t\tvar htmlDiv = document.createElement(\"div\");\n\t\t\t\t\thtmlDiv.innerHTML = \"<style>\" + htmlDivCss + \"<\/style>\";\n\t\t\t\t\tdocument.getElementsByTagName(\"head\")[0].appendChild(htmlDiv.childNodes[0]);\n\t\t\t\t}\n\t\t\t<\/script>\n\t\t<script type=\"text\/javascript\">\nif (setREVStartSize!==undefined) setREVStartSize(\n\t{c: '#rev_slider_2_1', responsiveLevels: [1240,1024,778,480], gridwidth: [1300,1100,778,480], gridheight: [830,768,420,500], sliderLayout: 'auto'});\n\t\t\t\nvar revapi2,\n\ttpj;\t\n(function() {\t\t\t\n\tif (!\/loaded|interactive|complete\/.test(document.readyState)) document.addEventListener(\"DOMContentLoaded\",onLoad); else onLoad();\t\n\tfunction onLoad() {\t\t\t\t\n\t\tif (tpj===undefined) { tpj = jQuery; if(\"off\" == \"on\") tpj.noConflict();}\n\tif(tpj(\"#rev_slider_2_1\").revolution == undefined){\n\t\trevslider_showDoubleJqueryError(\"#rev_slider_2_1\");\n\t}else{\n\t\trevapi2 = tpj(\"#rev_slider_2_1\").show().revolution({\n\t\t\tsliderType:\"hero\",\n\t\t\tjsFileLocation:\"\/\/txearana.net\/wp-content\/plugins\/revslider\/public\/assets\/js\/\",\n\t\t\tsliderLayout:\"auto\",\n\t\t\tdottedOverlay:\"none\",\n\t\t\tdelay:9000,\n\t\t\tresponsiveLevels:[1240,1024,778,480],\n\t\t\tvisibilityLevels:[1240,1024,778,480],\n\t\t\tgridwidth:[1300,1100,778,480],\n\t\t\tgridheight:[830,768,420,500],\n\t\t\tlazyType:\"none\",\n\t\t\tshadow:0,\n\t\t\tspinner:\"off\",\n\t\t\tautoHeight:\"off\",\n\t\t\tdisableProgressBar:\"on\",\n\t\t\thideThumbsOnMobile:\"off\",\n\t\t\thideSliderAtLimit:0,\n\t\t\thideCaptionAtLimit:0,\n\t\t\thideAllCaptionAtLilmit:0,\n\t\t\tdebugMode:false,\n\t\t\tfallbacks: {\n\t\t\t\tsimplifyAll:\"off\",\n\t\t\t\tdisableFocusListener:false,\n\t\t\t}\n\t\t});\n\t}; \/* END OF revapi call *\/\n\t\n }; \/* END OF ON LOAD FUNCTION *\/\n}()); \/* END OF WRAPPING FUNCTION *\/\n<\/script>\n\t\t<\/div><!-- END REVOLUTION SLIDER -->[\/vc_column][\/vc_row][vc_row css_animation=\u00bb\u00bb row_type=\u00bbrow\u00bb use_row_as_full_screen_section=\u00bbno\u00bb type=\u00bbgrid\u00bb angled_section=\u00bbno\u00bb text_align=\u00bbleft\u00bb background_image_as_pattern=\u00bbwithout_pattern\u00bb z_index=\u00bb\u00bb css=\u00bb.vc_custom_1556533947019{padding-top: 100px !important;padding-bottom: 100px !important;}\u00bb][vc_column width=\u00bb1\/6&#8243; css=\u00bb.vc_custom_1537958943258{padding-top: 10px !important;}\u00bb][\/vc_column][vc_column width=\u00bb2\/3&#8243;][vc_column_text]<strong>Empec\u00e9 muy joven a compaginar mi formaci\u00f3n art\u00edstica con\u00a0la dedicaci\u00f3n profesional y el descubrimiento de un oficio que abarco desde diferentes \u00e1reas.<\/strong><\/p>\n<p>&nbsp;<\/p>\n<p>Con 15 a\u00f1os me estreno como locutora de radio y con los a\u00f1os me formo como periodista y comunicadora. Escribo art\u00edculos en la prensa y dirijo y presento una larga lista de programas de radio magazines a mi paso por diferentes emisoras. <em>(RNE, Catalunya Radio, Cadena 13, Antena 3 Radio, M80).<\/em><\/p>\n<p><em>\u00a0<\/em><\/p>\n<p>Con 20 a\u00f1os debuto en <em>TV3,<\/em> <em>Televisi\u00f3 de Catalunya<\/em> como presentadora de programas informativos, de m\u00fasica y cultura. Mi vinculaci\u00f3n con la cadena catalana me convierten en colaboradora habitual de propuestas de entretenimiento y actualidad participando tambi\u00e9n en diversos proyectos televisivos para otras cadenas como <em>La Xarxa de Televisions Locals<\/em> i <em>El Punt TV.<\/em><\/p>\n<p>&nbsp;<\/p>\n<p>A lo largo de mi carrera como actriz protagonizo personajes de ficci\u00f3n en varias series dram\u00e1ticas de la cadena catalana. Formo parte de diferentes compa\u00f1\u00edas de teatro como <em>Comediants,<\/em> con las que trabajo en diversos espect\u00e1culos recorriendo los teatros de territorio nacional e internacional.<\/p>\n<p>&nbsp;<\/p>\n<p>Paralelamente aplico la voz a la locuci\u00f3n publicitaria y el doblaje de proyectos audiovisuales, destacando como voz en off de una larga lista de programas y documentales para televisi\u00f3n. Trabajo ininterrumpidamente como locutora profesional hasta la actualidad, ofreciendo tambi\u00e9n servicios <em>online<\/em>.<\/p>\n<p>&nbsp;<\/p>\n<p>Participo muy activamente como int\u00e9rprete y rapsoda en numerosas lecturas dram\u00e1ticas y recitales de poes\u00eda. Los escenarios me permiten convertirme en maestra de ceremonias presentando todo tipo de eventos: presentaciones culturales, entregas de premios, festivales de cine, literatura, m\u00fasica, galas de televisi\u00f3n, actos institucionales y conferencias.<\/p>\n<p>&nbsp;<\/p>\n<p>Con un profundo conocimiento del oficio, el dominio de la escena y las diferentes habilidades comunicativas adquiridas ante el p\u00fablico, la c\u00e1mara y el micr\u00f3fono, dedico parte de mi tiempo a la formaci\u00f3n, creaci\u00f3n, gesti\u00f3n y difusi\u00f3n de proyectos art\u00edsticos y culturales. Sigo aprendiendo, sumando horas de vuelo y compartiendo el talento y la experiencia con profesionales de todos los sectores, creando espacios de aprendizaje e impartiendo talleres como entrenadora teatral y coach de comunicaci\u00f3n y oratoria.[\/vc_column_text][\/vc_column][vc_column width=\u00bb1\/6&#8243;][\/vc_column][\/vc_row][vc_row css_animation=\u00bb\u00bb row_type=\u00bbrow\u00bb use_row_as_full_screen_section=\u00bbno\u00bb type=\u00bbfull_width\u00bb angled_section=\u00bbno\u00bb text_align=\u00bbleft\u00bb background_image_as_pattern=\u00bbwithout_pattern\u00bb][vc_column][vc_empty_space]<div class='qode_image_gallery_no_space light highlight_active'><div class='qode_image_gallery_holder' style='height: 200pxpx;'><ul  ><li style = \"opacity: 0.5\" ><div style=\"height: 200pxpx; width:133px;\"><img itemprop=\"image\" src=\"https:\/\/txearana.net\/wp-content\/uploads\/2019\/07\/IMG_7164.jpg\" alt=\"\" \/><\/div><\/li><li style = \"opacity: 0.5\" ><div style=\"height: 200pxpx; width:200px;\"><img itemprop=\"image\" src=\"https:\/\/txearana.net\/wp-content\/uploads\/2019\/07\/\u00a9Lafotogr\u00e0fica-131.jpg\" alt=\"\" \/><\/div><\/li><li style = \"opacity: 0.5\" ><div style=\"height: 200pxpx; width:325px;\"><img itemprop=\"image\" src=\"https:\/\/txearana.net\/wp-content\/uploads\/2019\/07\/txe_3.jpg\" alt=\"\" \/><\/div><\/li><li style = \"opacity: 0.5\" ><div style=\"height: 200pxpx; width:193px;\"><img itemprop=\"image\" src=\"https:\/\/txearana.net\/wp-content\/uploads\/2019\/07\/Txe-Arana-\u00a9lafotografica-027.jpg\" alt=\"\" \/><\/div><\/li><li style = \"opacity: 0.5\" ><div style=\"height: 200pxpx; width:300px;\"><img itemprop=\"image\" src=\"https:\/\/txearana.net\/wp-content\/uploads\/2019\/05\/S7B3330.jpg\" alt=\"\" \/><\/div><\/li><li style = \"opacity: 0.5\" ><div style=\"height: 200pxpx; width:134px;\"><img itemprop=\"image\" src=\"https:\/\/txearana.net\/wp-content\/uploads\/2019\/05\/S7B3415.jpg\" alt=\"\" \/><\/div><\/li><li style = \"opacity: 0.5\" ><div style=\"height: 200pxpx; width:300px;\"><img itemprop=\"image\" src=\"https:\/\/txearana.net\/wp-content\/uploads\/2019\/05\/S7B3448.jpg\" alt=\"\" \/><\/div><\/li><li style = \"opacity: 0.5\" ><div style=\"height: 200pxpx; width:134px;\"><img itemprop=\"image\" src=\"https:\/\/txearana.net\/wp-content\/uploads\/2019\/05\/S7B3588.jpg\" alt=\"\" \/><\/div><\/li><li style = \"opacity: 0.5\" ><div style=\"height: 200pxpx; width:300px;\"><img itemprop=\"image\" src=\"https:\/\/txearana.net\/wp-content\/uploads\/2019\/05\/S7B3596horitzontal.jpg\" alt=\"\" \/><\/div><\/li><li style = \"opacity: 0.5\" ><div style=\"height: 200pxpx; width:134px;\"><img itemprop=\"image\" src=\"https:\/\/txearana.net\/wp-content\/uploads\/2019\/05\/S7B3610.jpg\" alt=\"\" \/><\/div><\/li><li style = \"opacity: 0.5\" ><div style=\"height: 200pxpx; width:200px;\"><img itemprop=\"image\" src=\"https:\/\/txearana.net\/wp-content\/uploads\/2019\/05\/S7B3639.jpg\" alt=\"\" \/><\/div><\/li><li style = \"opacity: 0.5\" ><div style=\"height: 200pxpx; width:200px;\"><img itemprop=\"image\" src=\"https:\/\/txearana.net\/wp-content\/uploads\/2019\/05\/S7B3664.jpg\" alt=\"\" \/><\/div><\/li><li style = \"opacity: 0.5\" ><div style=\"height: 200pxpx; width:200px;\"><img itemprop=\"image\" src=\"https:\/\/txearana.net\/wp-content\/uploads\/2019\/05\/S7B3698.jpg\" alt=\"\" \/><\/div><\/li><li style = \"opacity: 0.5\" ><div style=\"height: 200pxpx; width:200px;\"><img itemprop=\"image\" src=\"https:\/\/txearana.net\/wp-content\/uploads\/2019\/05\/S7B3713.jpg\" alt=\"\" \/><\/div><\/li><li style = \"opacity: 0.5\" ><div style=\"height: 200pxpx; width:200px;\"><img itemprop=\"image\" src=\"https:\/\/txearana.net\/wp-content\/uploads\/2019\/05\/S7B3729.jpg\" alt=\"\" \/><\/div><\/li><li style = \"opacity: 0.5\" ><div style=\"height: 200pxpx; width:300px;\"><img itemprop=\"image\" src=\"https:\/\/txearana.net\/wp-content\/uploads\/2019\/05\/S7B3794.jpeg\" alt=\"\" \/><\/div><\/li><li style = \"opacity: 0.5\" ><div style=\"height: 200pxpx; width:300px;\"><img itemprop=\"image\" src=\"https:\/\/txearana.net\/wp-content\/uploads\/2019\/05\/S7B3808horitzontal.jpg\" alt=\"\" \/><\/div><\/li><li style = \"opacity: 0.5\" ><div style=\"height: 200pxpx; width:300px;\"><img itemprop=\"image\" src=\"https:\/\/txearana.net\/wp-content\/uploads\/2019\/05\/S7B3812horitzontal.jpg\" alt=\"\" \/><\/div><\/li><li style = \"opacity: 0.5\" ><div style=\"height: 200pxpx; width:145px;\"><img itemprop=\"image\" src=\"https:\/\/txearana.net\/wp-content\/uploads\/2019\/05\/3-1perfil.jpg\" alt=\"\" \/><\/div><\/li><li style = \"opacity: 0.5\" ><div style=\"height: 200pxpx; width:300px;\"><img itemprop=\"image\" src=\"https:\/\/txearana.net\/wp-content\/uploads\/2019\/05\/aSTO_9392.jpg\" alt=\"\" \/><\/div><\/li><li style = \"opacity: 0.5\" ><div style=\"height: 200pxpx; width:300px;\"><img itemprop=\"image\" src=\"https:\/\/txearana.net\/wp-content\/uploads\/2019\/05\/aVAP_3205.jpg\" alt=\"\" \/><\/div><\/li><li style = \"opacity: 0.5\" ><div style=\"height: 200pxpx; width:301px;\"><img itemprop=\"image\" src=\"https:\/\/txearana.net\/wp-content\/uploads\/2019\/05\/DSC_7608.jpg\" alt=\"\" \/><\/div><\/li><li style = \"opacity: 0.5\" ><div style=\"height: 200pxpx; width:302px;\"><img itemprop=\"image\" src=\"https:\/\/txearana.net\/wp-content\/uploads\/2019\/05\/enderrock.jpg\" alt=\"\" \/><\/div><\/li><li style = \"opacity: 0.5\" ><div style=\"height: 200pxpx; width:200px;\"><img itemprop=\"image\" src=\"https:\/\/txearana.net\/wp-content\/uploads\/2019\/05\/IMG_1357.jpg\" alt=\"\" \/><\/div><\/li><li style = \"opacity: 0.5\" ><div style=\"height: 200pxpx; width:200px;\"><img itemprop=\"image\" src=\"https:\/\/txearana.net\/wp-content\/uploads\/2019\/05\/IMG_1359.jpg\" alt=\"\" \/><\/div><\/li><li style = \"opacity: 0.5\" ><div style=\"height: 200pxpx; width:134px;\"><img itemprop=\"image\" src=\"https:\/\/txearana.net\/wp-content\/uploads\/2019\/05\/IMG_1363.jpg\" alt=\"\" \/><\/div><\/li><li style = \"opacity: 0.5\" ><div style=\"height: 200pxpx; width:134px;\"><img itemprop=\"image\" src=\"https:\/\/txearana.net\/wp-content\/uploads\/2019\/05\/Txe58.jpg\" alt=\"\" \/><\/div><\/li><li style = \"opacity: 0.5\" ><div style=\"height: 200pxpx; width:134px;\"><img itemprop=\"image\" src=\"https:\/\/txearana.net\/wp-content\/uploads\/2019\/05\/Txe65.jpg\" alt=\"\" \/><\/div><\/li><li style = \"opacity: 0.5\" ><div style=\"height: 200pxpx; width:134px;\"><img itemprop=\"image\" src=\"https:\/\/txearana.net\/wp-content\/uploads\/2019\/05\/Txe181.jpg\" alt=\"\" \/><\/div><\/li><li style = \"opacity: 0.5\" ><div style=\"height: 200pxpx; width:134px;\"><img itemprop=\"image\" src=\"https:\/\/txearana.net\/wp-content\/uploads\/2019\/05\/Txe219.jpg\" alt=\"\" \/><\/div><\/li><li style = \"opacity: 0.5\" ><div style=\"height: 200pxpx; width:325px;\"><img itemprop=\"image\" src=\"https:\/\/txearana.net\/wp-content\/uploads\/2019\/07\/txe_5.jpg\" alt=\"\" \/><\/div><\/li><li style = \"opacity: 0.5\" ><div style=\"height: 200pxpx; width:141px;\"><img itemprop=\"image\" src=\"https:\/\/txearana.net\/wp-content\/uploads\/2019\/05\/\u00a9Lafotogra\u0300fica-115.jpg\" alt=\"\" \/><\/div><\/li><\/ul><\/div><div class=\"controls\"><a class=\"prev-slide\" href=\"#\"><span><i class=\"fa fa-angle-left\"><\/i><\/span><\/a><a class=\"next-slide\" href=\"#\"><span><i class=\"fa fa-angle-right\"><\/i><\/span><\/a><\/div><\/div>[\/vc_column][\/vc_row]<\/p>\n","protected":false},"excerpt":{"rendered":"<p>[vc_row css_animation=\u00bb\u00bb row_type=\u00bbrow\u00bb use_row_as_full_screen_section=\u00bbno\u00bb type=\u00bbfull_width\u00bb angled_section=\u00bbno\u00bb text_align=\u00bbleft\u00bb background_image_as_pattern=\u00bbwithout_pattern\u00bb][vc_column][\/vc_column][\/vc_row][vc_row css_animation=\u00bb\u00bb row_type=\u00bbrow\u00bb use_row_as_full_screen_section=\u00bbno\u00bb type=\u00bbgrid\u00bb angled_section=\u00bbno\u00bb text_align=\u00bbleft\u00bb background_image_as_pattern=\u00bbwithout_pattern\u00bb z_index=\u00bb\u00bb css=\u00bb.vc_custom_1556533947019{padding-top: 100px !important;padding-bottom: 100px !important;}\u00bb][vc_column width=\u00bb1\/6&#8243; css=\u00bb.vc_custom_1537958943258{padding-top: 10px !important;}\u00bb][\/vc_column][vc_column width=\u00bb2\/3&#8243;][vc_column_text]Empec\u00e9 muy joven a compaginar mi formaci\u00f3n art\u00edstica con\u00a0la dedicaci\u00f3n profesional y el descubrimiento de un oficio que abarco desde&#8230;<\/p>\n","protected":false},"author":2,"featured_media":0,"parent":0,"menu_order":0,"comment_status":"closed","ping_status":"closed","template":"full_width.php","meta":[],"_links":{"self":[{"href":"https:\/\/txearana.net\/es\/wp-json\/wp\/v2\/pages\/1918"}],"collection":[{"href":"https:\/\/txearana.net\/es\/wp-json\/wp\/v2\/pages"}],"about":[{"href":"https:\/\/txearana.net\/es\/wp-json\/wp\/v2\/types\/page"}],"author":[{"embeddable":true,"href":"https:\/\/txearana.net\/es\/wp-json\/wp\/v2\/users\/2"}],"replies":[{"embeddable":true,"href":"https:\/\/txearana.net\/es\/wp-json\/wp\/v2\/comments?post=1918"}],"version-history":[{"count":5,"href":"https:\/\/txearana.net\/es\/wp-json\/wp\/v2\/pages\/1918\/revisions"}],"predecessor-version":[{"id":2273,"href":"https:\/\/txearana.net\/es\/wp-json\/wp\/v2\/pages\/1918\/revisions\/2273"}],"wp:attachment":[{"href":"https:\/\/txearana.net\/es\/wp-json\/wp\/v2\/media?parent=1918"}],"curies":[{"name":"wp","href":"https:\/\/api.w.org\/{rel}","templated":true}]}}