{"id":1951,"date":"2019-06-17T07:07:21","date_gmt":"2019-06-17T07:07:21","guid":{"rendered":"http:\/\/txearana.net\/?page_id=1951"},"modified":"2019-12-04T12:41:15","modified_gmt":"2019-12-04T12:41:15","slug":"voz","status":"publish","type":"page","link":"https:\/\/txearana.net\/es\/voz\/","title":{"rendered":"Voz"},"content":{"rendered":"<p>[vc_row css_animation=\u00bb\u00bb row_type=\u00bbrow\u00bb use_row_as_full_screen_section=\u00bbno\u00bb type=\u00bbgrid\u00bb angled_section=\u00bbno\u00bb text_align=\u00bbleft\u00bb background_image_as_pattern=\u00bbwithout_pattern\u00bb z_index=\u00bb\u00bb css=\u00bb.vc_custom_1549447359922{padding-bottom: 70px !important;background-color: #e4002b !important;}\u00bb][vc_column][rev_slider_vc alias=\u00bbveus_es\u00bb][vc_empty_space height=\u00bb80px\u00bb][vc_row_inner row_type=\u00bbrow\u00bb type=\u00bbfull_width\u00bb text_align=\u00bbleft\u00bb css_animation=\u00bb\u00bb css=\u00bb.vc_custom_1546957262956{background-position: center !important;background-repeat: no-repeat !important;background-size: cover !important;}\u00bb][vc_column_inner][vc_column_text]<\/p>\n<h1 style=\"text-align: center;\"><span style=\"color: #ffffff;\">ACTRIZ DE DOBLAJE \u00b7 LOCUTORA<br \/>\n<\/span><\/h1>\n<p>&nbsp;<\/p>\n<p style=\"text-align: center;\"><span style=\"color: #ffffff;\"><strong>Espa\u00f1ol \u00b7 Catal\u00e1n \u00b7 Franc\u00e9s \u00b7 Ingl\u00e9s<br \/>\n<\/strong><\/span><\/p>\n<p>[\/vc_column_text][\/vc_column_inner][\/vc_row_inner][vc_empty_space height=\u00bb40px\u00bb][vc_row_inner row_type=\u00bbrow\u00bb type=\u00bbfull_width\u00bb text_align=\u00bbleft\u00bb css_animation=\u00bb\u00bb][vc_column_inner width=\u00bb1\/3&#8243;][vc_column_text]<span style=\"color: #ffffff;\"><strong>Voz homologada por el Instituto de RTVE y la Corporaci\u00f3 Catalana de Mitjans Audiovisuals.<\/strong><\/span><\/p>\n<p><span style=\"color: #ffffff;\"><em>Locuci\u00f3n, interpretaci\u00f3n, dicci\u00f3n y voz &#8211; Instituto de RTVE<br \/>\nPostgrado de Voz Aplicada a la Publicidad \u2013 UAB<br \/>\nInterpretaci\u00f3n &#8211; Colegio del Teatro de Barcelona<br \/>\nDoblaje &#8211; Escuela Eolia de Barcelona y Aula 51 de Madrid<\/em><\/span>[\/vc_column_text][\/vc_column_inner][vc_column_inner width=\u00bb1\/3&#8243;][vc_column_text]<span style=\"color: #ffffff;\">Actriz de voz adaptada a las diferentes \u00e1reas de la locuci\u00f3n y el doblaje. Domina las diferentes t\u00e9cnicas de interpretaci\u00f3n de textos y personajes, con m\u00faltiples registros. Trabaja en todo tipo de grabaciones en estudios y productoras audiovisuales y como locutora freelance online desde su home<br \/>\n<\/span>[\/vc_column_text][\/vc_column_inner][vc_column_inner width=\u00bb1\/3&#8243;][vc_column_text]<span style=\"color: #ffffff;\">\u00c1mplia experiencia como locutora de publicidad de radio, televisi\u00f3n e internet.<br \/>\nEspecialista en voz corporativa, doblaje de programas y documentales de TV. Narradora y voz en off de todo tipo de proyectos: App, web, e-learning, audiolibros, cuentos infantiles, videojuegos, asistentes de voz y mensajer\u00eda<br \/>\n<\/span>[\/vc_column_text][\/vc_column_inner][\/vc_row_inner][\/vc_column][\/vc_row][vc_row css_animation=\u00bb\u00bb row_type=\u00bbrow\u00bb use_row_as_full_screen_section=\u00bbno\u00bb type=\u00bbgrid\u00bb angled_section=\u00bbno\u00bb text_align=\u00bbleft\u00bb background_image_as_pattern=\u00bbwithout_pattern\u00bb z_index=\u00bb\u00bb][vc_column][vc_empty_space][vc_empty_space]<div class='projects_holder_outer v3 portfolio_with_space portfolio_standard'><div class='projects_holder portfolio_main_holder clearfix v3 standard portfolio_full_image portfolio_one_by_one'>\n<article class='mix ' style=''><div class=\"item_holder thin_plus_only\"><div class=\"text_holder\"><div class=\"text_holder_outer\"><div class=\"text_holder_inner\"><span class=\"thin_plus_only_icon\">+<\/span><\/div><\/div><\/div><a itemprop=\"url\" class=\"portfolio_link_class\" title=\"Publicidad\" href=\"https:\/\/txearana.net\/es\/portfolio_page\/publicidad\/\"><\/a><div  class=\"portfolio_shader\"><\/div><div class=\"image_holder\"><span class=\"image\"><img width=\"301\" height=\"301\" src=\"https:\/\/txearana.net\/wp-content\/uploads\/2019\/06\/mes_petites_icones-10.png\" class=\"attachment-full size-full wp-post-image\" alt=\"\" loading=\"lazy\" srcset=\"https:\/\/txearana.net\/wp-content\/uploads\/2019\/06\/mes_petites_icones-10.png 301w, https:\/\/txearana.net\/wp-content\/uploads\/2019\/06\/mes_petites_icones-10-150x150.png 150w\" sizes=\"(max-width: 301px) 100vw, 301px\" \/><\/span><\/div><\/div><div class='portfolio_description text_align_center' ><h3 itemprop=\"name\" class=\"portfolio_title entry_title\"><a itemprop=\"url\" href=\"https:\/\/txearana.net\/es\/portfolio_page\/publicidad\/\" target=\"_self\" style=\"color: #e4002b;font-size: 18px\">Publicidad<\/a><\/h3><span class=\"project_category\" ><\/span><\/div><\/article>\n<article class='mix ' style=''><div class=\"item_holder thin_plus_only\"><div class=\"text_holder\"><div class=\"text_holder_outer\"><div class=\"text_holder_inner\"><span class=\"thin_plus_only_icon\">+<\/span><\/div><\/div><\/div><a itemprop=\"url\" class=\"portfolio_link_class\" title=\"New media Asistentes de voz\" href=\"https:\/\/txearana.net\/es\/portfolio_page\/new-media-asistentes-de-voz\/\"><\/a><div  class=\"portfolio_shader\"><\/div><div class=\"image_holder\"><span class=\"image\"><img width=\"301\" height=\"301\" src=\"https:\/\/txearana.net\/wp-content\/uploads\/2019\/06\/mes_petites_icones-11.png\" class=\"attachment-full size-full wp-post-image\" alt=\"\" loading=\"lazy\" srcset=\"https:\/\/txearana.net\/wp-content\/uploads\/2019\/06\/mes_petites_icones-11.png 301w, https:\/\/txearana.net\/wp-content\/uploads\/2019\/06\/mes_petites_icones-11-150x150.png 150w\" sizes=\"(max-width: 301px) 100vw, 301px\" \/><\/span><\/div><\/div><div class='portfolio_description text_align_center' ><h3 itemprop=\"name\" class=\"portfolio_title entry_title\"><a itemprop=\"url\" href=\"https:\/\/txearana.net\/es\/portfolio_page\/new-media-asistentes-de-voz\/\" target=\"_self\" style=\"color: #e4002b;font-size: 18px\">New media Asistentes de voz<\/a><\/h3><span class=\"project_category\" ><\/span><\/div><\/article>\n<article class='mix ' style=''><div class=\"item_holder thin_plus_only\"><div class=\"text_holder\"><div class=\"text_holder_outer\"><div class=\"text_holder_inner\"><span class=\"thin_plus_only_icon\">+<\/span><\/div><\/div><\/div><a itemprop=\"url\" class=\"portfolio_link_class\" title=\"Narraciones y doblaje\" href=\"https:\/\/txearana.net\/es\/portfolio_page\/narraciones-y-doblaje\/\"><\/a><div  class=\"portfolio_shader\"><\/div><div class=\"image_holder\"><span class=\"image\"><img width=\"300\" height=\"301\" src=\"https:\/\/txearana.net\/wp-content\/uploads\/2018\/09\/mes_petites_icones-12.png\" class=\"attachment-full size-full wp-post-image\" alt=\"\" loading=\"lazy\" srcset=\"https:\/\/txearana.net\/wp-content\/uploads\/2018\/09\/mes_petites_icones-12.png 300w, https:\/\/txearana.net\/wp-content\/uploads\/2018\/09\/mes_petites_icones-12-150x150.png 150w\" sizes=\"(max-width: 300px) 100vw, 300px\" \/><\/span><\/div><\/div><div class='portfolio_description text_align_center' ><h3 itemprop=\"name\" class=\"portfolio_title entry_title\"><a itemprop=\"url\" href=\"https:\/\/txearana.net\/es\/portfolio_page\/narraciones-y-doblaje\/\" target=\"_self\" style=\"color: #e4002b;font-size: 18px\">Narraciones y doblaje<\/a><\/h3><span class=\"project_category\" ><\/span><\/div><\/article>\n<div class='filler'><\/div>\n<div class='filler'><\/div>\n<div class='filler'><\/div>\n<\/div><\/div>[\/vc_column][vc_column][\/vc_column][\/vc_row][vc_row css_animation=\u00bb\u00bb row_type=\u00bbrow\u00bb use_row_as_full_screen_section=\u00bbno\u00bb type=\u00bbfull_width\u00bb angled_section=\u00bbno\u00bb text_align=\u00bbleft\u00bb background_image_as_pattern=\u00bbwithout_pattern\u00bb css=\u00bb.vc_custom_1556191906059{background-color: #e5e5e5 !important;}\u00bb z_index=\u00bb\u00bb][vc_column][vc_row_inner row_type=\u00bbrow\u00bb type=\u00bbfull_width\u00bb text_align=\u00bbleft\u00bb css_animation=\u00bb\u00bb][vc_column_inner width=\u00bb1\/4&#8243;][\/vc_column_inner][vc_column_inner width=\u00bb1\/2&#8243;][vc_empty_space height=\u00bb40px\u00bb][vc_column_text]<\/p>\n<h1 style=\"text-align: center;\"><span style=\"color: #000000;\">SERVICIOS COMO LOCUTORA ONLINE<\/span><\/h1>\n<p>[\/vc_column_text][vc_empty_space height=\u00bb40px\u00bb][\/vc_column_inner][vc_column_inner width=\u00bb1\/4&#8243;][\/vc_column_inner][\/vc_row_inner][vc_row_inner row_type=\u00bbrow\u00bb type=\u00bbfull_width\u00bb text_align=\u00bbleft\u00bb css_animation=\u00bb\u00bb][vc_column_inner width=\u00bb1\/4&#8243;][\/vc_column_inner][vc_column_inner width=\u00bb1\/4&#8243;]<div class='q_list circle bold animate_list'><\/p>\n<ul>\n<li>\n<h4><strong><span style=\"color: #000000;\">Garant\u00eda de calidad<\/span><\/strong><\/h4>\n<\/li>\n<li>\n<h4><strong><span style=\"color: #000000;\">Versatilidad<\/span><\/strong><\/h4>\n<\/li>\n<li>\n<h4><strong><span style=\"color: #000000;\">Env\u00edos <\/span><em style=\"color: #000000;\">online<\/em><span style=\"color: #000000;\"> en todos los formatos<\/span><\/strong><\/h4>\n<\/li>\n<li>\n<h4><strong><span style=\"color: #000000;\">Tarifas competitivas<\/span><\/strong><\/h4>\n<\/li>\n<\/ul>\n<p><\/div>[\/vc_column_inner][vc_column_inner width=\u00bb1\/4&#8243;]<div class='q_list circle bold animate_list'><\/p>\n<ul>\n<li>\n<h4><strong>Cabina insonorizada<\/strong><\/h4>\n<\/li>\n<li>\n<h4><strong>Micr\u00f3fonos: Neumann TLM 103<\/strong><\/h4>\n<\/li>\n<li>\n<h4><strong>Motu Ultra Lite mk3 Hybrid + Logic Pro X<\/strong><\/h4>\n<\/li>\n<li>\n<h4><strong>Pro Tools MP Studio Bundle Fast Track Pro<\/strong><\/h4>\n<\/li>\n<\/ul>\n<p><\/div>[\/vc_column_inner][vc_column_inner width=\u00bb1\/4&#8243;][\/vc_column_inner][\/vc_row_inner][vc_row_inner row_type=\u00bbrow\u00bb type=\u00bbfull_width\u00bb text_align=\u00bbleft\u00bb css_animation=\u00bb\u00bb css=\u00bb.vc_custom_1556547876735{padding-top: 50px !important;padding-bottom: 50px !important;}\u00bb][vc_column_inner width=\u00bb1\/4&#8243;][\/vc_column_inner][vc_column_inner width=\u00bb1\/2&#8243;][vc_column_text]<strong>Mi perfil en:<\/strong><\/p>\n<p style=\"text-align: center;\"><a href=\"https:\/\/www.bodalgo.com\/es\/locutores\/txe-arana\">BODALGO<\/a>\u00a0 \u00a0 \u00a0 \u00a0 \u00a0 \u00a0 \u00a0 \u00a0 \u00a0 \u00a0 \u00a0<span class=\"il\"><a href=\"https:\/\/www.voices.com\/actors\/Txearana#bio\">VOICES\u00a0<\/a>\u00a0 \u00a0 \u00a0 \u00a0 \u00a0 \u00a0 \u00a0 \u00a0 \u00a0 \u00a0 <a href=\"https:\/\/voice123.com\/txearana\">VOICE123<\/a>\u00a0 \u00a0 \u00a0 \u00a0 \u00a0 \u00a0 \u00a0 \u00a0<a href=\"https:\/\/voicebunny.com\/profile\/arana-txe-26GQEHS\/\">VOICEBUNNY<\/a><\/span><\/p>\n<p>[\/vc_column_text][\/vc_column_inner][vc_column_inner width=\u00bb1\/4&#8243;][\/vc_column_inner][\/vc_row_inner][\/vc_column][\/vc_row][vc_row css_animation=\u00bb\u00bb row_type=\u00bbrow\u00bb use_row_as_full_screen_section=\u00bbno\u00bb type=\u00bbfull_width\u00bb angled_section=\u00bbno\u00bb text_align=\u00bbleft\u00bb background_image_as_pattern=\u00bbwithout_pattern\u00bb][vc_column]<div class=\"call_to_action with_icon\" style=\"background-color: #e4002b;\"><div class=\"container_inner\"><div class=\"two_columns_75_25 clearfix\"><div class=\"text_wrapper column1\"><div class=\"call_to_action_icon_holder\"><div class=\"call_to_action_icon\"><div class=\"call_to_action_icon_inner\"><i class='fa  pull-left . fa-2x'><\/i><\/div><\/div><\/div><div class=\"call_to_action_text  font_size_inherit font_weight_inherit\" style=\"font-size:20px;font-weight: 600;\"><strong><span style=\"color: #ffffff;\">TRABAJAMOS JUNTOS? \u00a0 Expl\u00edcame de qu\u00e9 va tu proyecto.<\/span><\/strong><\/p>\n<\/div><\/div><div class=\"button_wrapper column2\"><a itemprop=\"url\" href=\"http:\/\/txearana.net\/es\/trabajamos-juntos\/\" class=\"qbutton white large\" target=\"\" style=\"color: #ffffff;border-color: #ffffff;background-color: #e4002b;\"data-hover-background-color=#e6e7e8 data-hover-border-color=#ffffff data-hover-color=#e4002b>HABLEMOS<\/a><\/div><\/div><\/div><\/div>[vc_video link=\u00bbhttps:\/\/www.youtube.com\/watch?v=ou_a9UYWoZk\u00bb][\/vc_column][\/vc_row]<\/p>\n","protected":false},"excerpt":{"rendered":"<p>[vc_row css_animation=\u00bb\u00bb row_type=\u00bbrow\u00bb use_row_as_full_screen_section=\u00bbno\u00bb type=\u00bbgrid\u00bb angled_section=\u00bbno\u00bb text_align=\u00bbleft\u00bb background_image_as_pattern=\u00bbwithout_pattern\u00bb z_index=\u00bb\u00bb css=\u00bb.vc_custom_1549447359922{padding-bottom: 70px !important;background-color: #e4002b !important;}\u00bb][vc_column][rev_slider_vc alias=\u00bbveus_es\u00bb][vc_empty_space height=\u00bb80px\u00bb][vc_row_inner row_type=\u00bbrow\u00bb type=\u00bbfull_width\u00bb text_align=\u00bbleft\u00bb css_animation=\u00bb\u00bb css=\u00bb.vc_custom_1546957262956{background-position: center !important;background-repeat: no-repeat !important;background-size: cover !important;}\u00bb][vc_column_inner][vc_column_text] ACTRIZ DE DOBLAJE \u00b7 LOCUTORA &nbsp; Espa\u00f1ol \u00b7 Catal\u00e1n \u00b7 Franc\u00e9s \u00b7 Ingl\u00e9s [\/vc_column_text][\/vc_column_inner][\/vc_row_inner][vc_empty_space height=\u00bb40px\u00bb][vc_row_inner row_type=\u00bbrow\u00bb type=\u00bbfull_width\u00bb text_align=\u00bbleft\u00bb&#8230;<\/p>\n","protected":false},"author":2,"featured_media":0,"parent":0,"menu_order":0,"comment_status":"closed","ping_status":"closed","template":"full_width.php","meta":[],"_links":{"self":[{"href":"https:\/\/txearana.net\/es\/wp-json\/wp\/v2\/pages\/1951"}],"collection":[{"href":"https:\/\/txearana.net\/es\/wp-json\/wp\/v2\/pages"}],"about":[{"href":"https:\/\/txearana.net\/es\/wp-json\/wp\/v2\/types\/page"}],"author":[{"embeddable":true,"href":"https:\/\/txearana.net\/es\/wp-json\/wp\/v2\/users\/2"}],"replies":[{"embeddable":true,"href":"https:\/\/txearana.net\/es\/wp-json\/wp\/v2\/comments?post=1951"}],"version-history":[{"count":36,"href":"https:\/\/txearana.net\/es\/wp-json\/wp\/v2\/pages\/1951\/revisions"}],"predecessor-version":[{"id":2568,"href":"https:\/\/txearana.net\/es\/wp-json\/wp\/v2\/pages\/1951\/revisions\/2568"}],"wp:attachment":[{"href":"https:\/\/txearana.net\/es\/wp-json\/wp\/v2\/media?parent=1951"}],"curies":[{"name":"wp","href":"https:\/\/api.w.org\/{rel}","templated":true}]}}