{"id":1954,"date":"2019-06-17T07:09:41","date_gmt":"2019-06-17T07:09:41","guid":{"rendered":"http:\/\/txearana.net\/?page_id=1954"},"modified":"2022-03-22T08:38:19","modified_gmt":"2022-03-22T08:38:19","slug":"trabajamos-juntos","status":"publish","type":"page","link":"https:\/\/txearana.net\/es\/trabajamos-juntos\/","title":{"rendered":"Trabajamos juntos?"},"content":{"rendered":"<p>[vc_row css_animation=\u00bb\u00bb row_type=\u00bbrow\u00bb use_row_as_full_screen_section=\u00bbno\u00bb type=\u00bbgrid\u00bb angled_section=\u00bbno\u00bb text_align=\u00bbleft\u00bb background_image_as_pattern=\u00bbwithout_pattern\u00bb css=\u00bb.vc_custom_1537972286310{padding-top: 75px !important;padding-bottom: 56px !important;}\u00bb z_index=\u00bb\u00bb][vc_column offset=\u00bbvc_col-lg-offset-0 vc_col-lg-6 vc_col-md-offset-0 vc_col-md-12 vc_col-sm-offset-0 vc_col-xs-12&#8243;][vc_row_inner row_type=\u00bbrow\u00bb type=\u00bbfull_width\u00bb text_align=\u00bbleft\u00bb css_animation=\u00bb\u00bb css=\u00bb.vc_custom_1550231699254{padding-right: 40px !important;}\u00bb][vc_column_inner][vc_column_text]<\/p>\n<h1><span style=\"color: #e4002b;\"><strong>Trabajamos juntos?<br \/>\n<\/strong><\/span><\/h1>\n<p>&nbsp;<\/p>\n<h3><strong>Necesitas una locutora profesional?<\/strong><\/h3>\n<p>&nbsp;<\/p>\n<h3><strong>Una presentadora de eventos?<\/strong><\/h3>\n<p>&nbsp;<\/p>\n<h3><strong>Un coaching de locuci\u00f3n, oratoria o interpretaci\u00f3n?<\/strong><\/h3>\n<p>&nbsp;<\/p>\n<p>&nbsp;<\/p>\n<h2><span style=\"color: #e4002b;\"><strong>El primer paso es conectar!<\/strong><\/span><\/h2>\n<p>&nbsp;<\/p>\n<p><strong><span style=\"color: #e4002b;\">1.<\/span><\/strong> <strong>Rellena este formulario<\/strong><\/p>\n<p><em>Expl\u00edcame que necesitas indicando tus datos de contacto<\/em><\/p>\n<p>&nbsp;<\/p>\n<p><span style=\"color: #e4002b;\"><strong>2<\/strong>.<\/span> <strong>Reviso tu solicitud<\/strong><\/p>\n<p><em>Si quieres un presupuesto expl\u00edcame las caracter\u00edsticas b\u00e1sicas de tu proyecto<\/em><\/p>\n<p>&nbsp;<\/p>\n<p><span style=\"color: #e4002b;\"><strong>3<\/strong>.<\/span>\u00a0<b>Te respondo r\u00e1pido<\/b><\/p>\n<p><em>Si prefieres que hablemos por tel\u00e9fono rellena el campo con tu n\u00famero y te llamo!<\/em>[\/vc_column_text][vc_empty_space height=\u00bb50px\u00bb][vc_empty_space height=\u00bb19px\u00bb][vc_column_text]Tambi\u00e9n puedes escribir directamente a:<\/p>\n<p><span style=\"color: #e4002b;\"><a style=\"color: #e4002b;\" href=\"mailto:txearana@txearana.net\"><strong>txearana@txearana.net<\/strong><\/a><\/span><\/p>\n<p>O llamarme por tel\u00e9fono. Encantada de hablar contigo y de escuchar tu voz!<\/p>\n<p><span style=\"color: #e4002b;\">Telf: <a style=\"color: #e4002b;\" href=\"tel: +34 695 492 623\"><strong>+34 695 492 623<\/strong><\/a><\/span>[\/vc_column_text][vc_empty_space height=\u00bb19px\u00bb][\/vc_column_inner][\/vc_row_inner][\/vc_column][vc_column offset=\u00bbvc_col-lg-offset-0 vc_col-lg-6 vc_col-md-offset-0 vc_col-md-12 vc_col-sm-offset-0 vc_col-xs-12&#8243;]<div role=\"form\" class=\"wpcf7\" id=\"wpcf7-f2197-o1\" lang=\"ca\" dir=\"ltr\">\n<div class=\"screen-reader-response\"><p role=\"status\" aria-live=\"polite\" aria-atomic=\"true\"><\/p> <ul><\/ul><\/div>\n<form action=\"\/es\/wp-json\/wp\/v2\/pages\/1954#wpcf7-f2197-o1\" method=\"post\" class=\"wpcf7-form init cf7_custom_style_1\" novalidate=\"novalidate\" data-status=\"init\">\n<div style=\"display: none;\">\n<input type=\"hidden\" name=\"_wpcf7\" value=\"2197\" \/>\n<input type=\"hidden\" name=\"_wpcf7_version\" value=\"5.5.6.1\" \/>\n<input type=\"hidden\" name=\"_wpcf7_locale\" value=\"ca\" \/>\n<input type=\"hidden\" name=\"_wpcf7_unit_tag\" value=\"wpcf7-f2197-o1\" \/>\n<input type=\"hidden\" name=\"_wpcf7_container_post\" value=\"0\" \/>\n<input type=\"hidden\" name=\"_wpcf7_posted_data_hash\" value=\"\" \/>\n<input type=\"hidden\" name=\"_wpcf7_recaptcha_response\" value=\"\" \/>\n<\/div>\n<p><label> Tu nombre<br \/>\n    <span class=\"wpcf7-form-control-wrap your-name\"><input type=\"text\" name=\"your-name\" value=\"\" size=\"40\" class=\"wpcf7-form-control wpcf7-text wpcf7-validates-as-required\" aria-required=\"true\" aria-invalid=\"false\" \/><\/span> <\/label><\/p>\n<p><label> Tu email*<br \/>\n    <span class=\"wpcf7-form-control-wrap your-email\"><input type=\"email\" name=\"your-email\" value=\"\" size=\"40\" class=\"wpcf7-form-control wpcf7-text wpcf7-email wpcf7-validates-as-required wpcf7-validates-as-email\" aria-required=\"true\" aria-invalid=\"false\" \/><\/span> <\/label><\/p>\n<p><label> Empresa<br \/>\n    <span class=\"wpcf7-form-control-wrap your-subject\"><input type=\"text\" name=\"your-subject\" value=\"\" size=\"40\" class=\"wpcf7-form-control wpcf7-text\" aria-invalid=\"false\" \/><\/span> <\/label><\/p>\n<p><label> Tel\u00e9fono<br \/>\n<span class=\"wpcf7-form-control-wrap tel-868\"><input type=\"tel\" name=\"tel-868\" value=\"\" size=\"40\" class=\"wpcf7-form-control wpcf7-text wpcf7-tel wpcf7-validates-as-tel\" aria-invalid=\"false\" \/><\/span><\/label><\/p>\n<p><label> Mensaje<br \/>\n    <span class=\"wpcf7-form-control-wrap your-message\"><textarea name=\"your-message\" cols=\"40\" rows=\"10\" class=\"wpcf7-form-control wpcf7-textarea\" aria-invalid=\"false\"><\/textarea><\/span> <\/label><\/p>\n<p><input type=\"submit\" value=\"Enviar\" class=\"wpcf7-form-control has-spinner wpcf7-submit\" \/><\/p>\n<div class=\"wpcf7-response-output\" aria-hidden=\"true\"><\/div><\/form><\/div>[\/vc_column][vc_column]<div class=\"qode-banner qode-banner-va-center\"><div class=\"qode-banner-image\"><img itemprop=\"image\" src=\"https:\/\/txearana.net\/wp-content\/uploads\/2019\/07\/txe_5.jpg\" alt=\"\" \/><\/div><div class=\"qode-banner-content\"><div class=\"qode-banner-content-inner\"><div class=\"qode-banner-text-holder\">\n<h3>\u00a0 \u00a0 \u00a0 \u00a0 \u00a0 \u00a0 \u00a0 \u00a0 \u00a0 \u00a0 \u00a0 \u00a0 \u00a0 \u00a0 \u00a0 \u00a0 \u00a0 \u00a0 \u00a0 \u00a0 \u00a0 \u00a0 \u00a0 \u00a0 \u00a0 \u00a0 \u00a0 \u00a0 \u00a0 \u00a0 \u00a0 \u00a0 \u00a0 \u00a0 \u00a0 \u00a0 \u00a0 \u00a0 \u00a0 \u00a0 \u00a0 \u00a0 \u00a0 \u00a0 \u00a0 \u00a0 \u00a0 \u00a0 \u00a0 \u00a0 \u00a0 \u00a0 \u00a0 \u00a0 \u00a0 \u00a0 \u00a0 \u00a0 \u00a0 \u00a0 \u00a0 \u00a0 \u00a0 \u00a0 \u00a0 \u00a0 \u00a0 \u00a0 \u00a0 \u00a0 \u00a0 \u00a0 \u00a0 \u00a0 \u00a0 \u00a0 \u00a0 \u00a0 \u00a0 \u00a0 \u00a0 Un placer colaborar juntos!<\/h3>\n<\/div><\/div><\/div><\/div>[\/vc_column][vc_column][\/vc_column][\/vc_row]<\/p>\n","protected":false},"excerpt":{"rendered":"<p>[vc_row css_animation=\u00bb\u00bb row_type=\u00bbrow\u00bb use_row_as_full_screen_section=\u00bbno\u00bb type=\u00bbgrid\u00bb angled_section=\u00bbno\u00bb text_align=\u00bbleft\u00bb background_image_as_pattern=\u00bbwithout_pattern\u00bb css=\u00bb.vc_custom_1537972286310{padding-top: 75px !important;padding-bottom: 56px !important;}\u00bb z_index=\u00bb\u00bb][vc_column offset=\u00bbvc_col-lg-offset-0 vc_col-lg-6 vc_col-md-offset-0 vc_col-md-12 vc_col-sm-offset-0 vc_col-xs-12&#8243;][vc_row_inner row_type=\u00bbrow\u00bb type=\u00bbfull_width\u00bb text_align=\u00bbleft\u00bb css_animation=\u00bb\u00bb css=\u00bb.vc_custom_1550231699254{padding-right: 40px !important;}\u00bb][vc_column_inner][vc_column_text] Trabajamos juntos? &nbsp; Necesitas una locutora profesional? &nbsp; Una presentadora de eventos? &nbsp; Un coaching de locuci\u00f3n, oratoria&#8230;<\/p>\n","protected":false},"author":2,"featured_media":0,"parent":0,"menu_order":0,"comment_status":"closed","ping_status":"closed","template":"full_width.php","meta":[],"_links":{"self":[{"href":"https:\/\/txearana.net\/es\/wp-json\/wp\/v2\/pages\/1954"}],"collection":[{"href":"https:\/\/txearana.net\/es\/wp-json\/wp\/v2\/pages"}],"about":[{"href":"https:\/\/txearana.net\/es\/wp-json\/wp\/v2\/types\/page"}],"author":[{"embeddable":true,"href":"https:\/\/txearana.net\/es\/wp-json\/wp\/v2\/users\/2"}],"replies":[{"embeddable":true,"href":"https:\/\/txearana.net\/es\/wp-json\/wp\/v2\/comments?post=1954"}],"version-history":[{"count":14,"href":"https:\/\/txearana.net\/es\/wp-json\/wp\/v2\/pages\/1954\/revisions"}],"predecessor-version":[{"id":2782,"href":"https:\/\/txearana.net\/es\/wp-json\/wp\/v2\/pages\/1954\/revisions\/2782"}],"wp:attachment":[{"href":"https:\/\/txearana.net\/es\/wp-json\/wp\/v2\/media?parent=1954"}],"curies":[{"name":"wp","href":"https:\/\/api.w.org\/{rel}","templated":true}]}}