{"id":1964,"date":"2019-06-17T09:56:33","date_gmt":"2019-06-17T09:56:33","guid":{"rendered":"http:\/\/txearana.net\/?page_id=1964"},"modified":"2019-07-05T19:08:10","modified_gmt":"2019-07-05T19:08:10","slug":"escenarios","status":"publish","type":"page","link":"https:\/\/txearana.net\/es\/escenarios\/","title":{"rendered":"Escenarios"},"content":{"rendered":"<p>[vc_row css_animation=\u00bb\u00bb row_type=\u00bbrow\u00bb use_row_as_full_screen_section=\u00bbno\u00bb type=\u00bbfull_width\u00bb angled_section=\u00bbno\u00bb text_align=\u00bbleft\u00bb background_image_as_pattern=\u00bbwithout_pattern\u00bb][vc_column]\n<div id=\"rev_slider_19_1_wrapper\" class=\"rev_slider_wrapper fullwidthbanner-container\" data-source=\"gallery\" style=\"margin:0px auto;background:transparent;padding:0px;margin-top:0px;margin-bottom:0px;\">\n<!-- START REVOLUTION SLIDER 5.4.8 fullwidth mode -->\n\t<div id=\"rev_slider_19_1\" class=\"rev_slider fullwidthabanner\" style=\"display:none;\" data-version=\"5.4.8\">\n<ul>\t<!-- SLIDE  -->\n\t<li data-index=\"rs-22\" data-transition=\"fade\" data-slotamount=\"default\" data-hideafterloop=\"0\" data-hideslideonmobile=\"off\"  data-easein=\"default\" data-easeout=\"default\" data-masterspeed=\"300\"  data-rotate=\"0\"  data-saveperformance=\"off\"  data-title=\"Slide\" data-param1=\"\" data-param2=\"\" data-param3=\"\" data-param4=\"\" data-param5=\"\" data-param6=\"\" data-param7=\"\" data-param8=\"\" data-param9=\"\" data-param10=\"\" data-description=\"\">\n\t\t<!-- MAIN IMAGE -->\n\t\t<img src=\"https:\/\/img.youtube.com\/vi\/rmiJUorrLRA\/maxresdefault.jpg\"  alt=\"\" title=\"Escenarios\"  data-bgposition=\"center center\" data-bgfit=\"cover\" class=\"rev-slidebg\" data-no-retina>\n\t\t<!-- LAYERS -->\n\n\t\t<!-- BACKGROUND VIDEO LAYER -->\n\t\t<div class=\"rs-background-video-layer\" \n\t\t\tdata-forcerewind=\"on\" \n\t\t\tdata-volume=\"mute\" \n\t\t\tdata-ytid=\"rmiJUorrLRA\" \n\t\t\tdata-videoattributes=\"version=3&amp;enablejsapi=1&amp;html5=1&amp;hd=1&wmode=opaque&showinfo=0&rel=0;;origin=https:\/\/txearana.net;\" \n\t\t\tdata-videorate=\"1\" \n\t\t\tdata-videowidth=\"100%\" \n\t\t\tdata-videoheight=\"100%\" \n\t\t\tdata-videocontrols=\"none\" \n\t\t\tdata-videoloop=\"none\" \n\t\t\tdata-forceCover=\"1\" \n\t\t\tdata-aspectratio=\"16:9\" \n\t\t\tdata-autoplay=\"true\" \n\t\t\tdata-autoplayonlyfirsttime=\"false\" \n><\/div>\t<\/li>\n<\/ul>\n<div class=\"tp-bannertimer tp-bottom\" style=\"visibility: hidden !important;\"><\/div>\t<\/div>\n<script>var htmlDiv = document.getElementById(\"rs-plugin-settings-inline-css\"); var htmlDivCss=\"\";\n\t\t\t\tif(htmlDiv) {\n\t\t\t\t\thtmlDiv.innerHTML = htmlDiv.innerHTML + htmlDivCss;\n\t\t\t\t}else{\n\t\t\t\t\tvar htmlDiv = document.createElement(\"div\");\n\t\t\t\t\thtmlDiv.innerHTML = \"<style>\" + htmlDivCss + \"<\/style>\";\n\t\t\t\t\tdocument.getElementsByTagName(\"head\")[0].appendChild(htmlDiv.childNodes[0]);\n\t\t\t\t}\n\t\t\t<\/script>\n\t\t<script type=\"text\/javascript\">\nif (setREVStartSize!==undefined) setREVStartSize(\n\t{c: '#rev_slider_19_1', gridwidth: [1240], gridheight: [868], sliderLayout: 'fullwidth'});\n\t\t\t\nvar revapi19,\n\ttpj;\t\n(function() {\t\t\t\n\tif (!\/loaded|interactive|complete\/.test(document.readyState)) document.addEventListener(\"DOMContentLoaded\",onLoad); else onLoad();\t\n\tfunction onLoad() {\t\t\t\t\n\t\tif (tpj===undefined) { tpj = jQuery; if(\"off\" == \"on\") tpj.noConflict();}\n\tif(tpj(\"#rev_slider_19_1\").revolution == undefined){\n\t\trevslider_showDoubleJqueryError(\"#rev_slider_19_1\");\n\t}else{\n\t\trevapi19 = tpj(\"#rev_slider_19_1\").show().revolution({\n\t\t\tsliderType:\"hero\",\n\t\t\tjsFileLocation:\"\/\/txearana.net\/wp-content\/plugins\/revslider\/public\/assets\/js\/\",\n\t\t\tsliderLayout:\"fullwidth\",\n\t\t\tdottedOverlay:\"none\",\n\t\t\tdelay:9000,\n\t\t\tvisibilityLevels:[1240,1024,778,480],\n\t\t\tgridwidth:1240,\n\t\t\tgridheight:868,\n\t\t\tlazyType:\"none\",\n\t\t\tshadow:0,\n\t\t\tspinner:\"spinner0\",\n\t\t\tautoHeight:\"off\",\n\t\t\tdisableProgressBar:\"on\",\n\t\t\thideThumbsOnMobile:\"off\",\n\t\t\thideSliderAtLimit:0,\n\t\t\thideCaptionAtLimit:0,\n\t\t\thideAllCaptionAtLilmit:0,\n\t\t\tdebugMode:false,\n\t\t\tfallbacks: {\n\t\t\t\tsimplifyAll:\"off\",\n\t\t\t\tdisableFocusListener:false,\n\t\t\t}\n\t\t});\n\t}; \/* END OF revapi call *\/\n\t\n }; \/* END OF ON LOAD FUNCTION *\/\n}()); \/* END OF WRAPPING FUNCTION *\/\n<\/script>\n\t\t<\/div><!-- END REVOLUTION SLIDER -->[\/vc_column][\/vc_row][vc_row css_animation=\u00bb\u00bb row_type=\u00bbrow\u00bb use_row_as_full_screen_section=\u00bbno\u00bb type=\u00bbgrid\u00bb angled_section=\u00bbno\u00bb text_align=\u00bbleft\u00bb background_image_as_pattern=\u00bbwithout_pattern\u00bb css=\u00bb.vc_custom_1533892731425{padding-top: 100px !important;padding-bottom: 10px !important;}\u00bb z_index=\u00bb\u00bb][vc_column width=\u00bb1\/2&#8243;][vc_column_text]<\/p>\n<h1 class=\"p2\" style=\"text-align: left;\"><span style=\"color: #e4002b;\">ACTRIU I COMUNICADORA<br \/>\n<\/span><\/h1>\n<h4 style=\"text-align: left;\"><span style=\"color: #e4002b;\"><strong><span style=\"color: #000000;\">Teatro \u00b7 Radio y Televisi\u00f3n \u00b7 Eventos \u00b7 Prensa y media.<\/span><\/strong><\/span><\/h4>\n<p>[\/vc_column_text][vc_empty_space height=\u00bb30px\u00bb][vc_column_text css=\u00bb.vc_custom_1560765216128{padding-top: 10px !important;}\u00bb]Un potente v\u00ednculo con el micr\u00f3fono, una relaci\u00f3n intensa con la c\u00e1mara y muchas tablas en los escenarios de teatros, plat\u00f3s y auditorios. Un viaje entre bambalinas y camerinos para aprender el arte de contar historias y crear personajes a partir del ritual del cuerpo, el pensamiento, el espacio, la voz y el juego de los sentidos y la imaginaci\u00f3n. La manifestaci\u00f3n de una inquietud que explora con curiosidad en b\u00fasqueda constante del sentido del lenguaje.[\/vc_column_text][vc_empty_space height=\u00bb45px\u00bb]<a  itemprop=\"url\" href=\"https:\/\/vimeo.com\/revistaesguard\/videos\/search:txe%20arana\/sort:date\" target=\"_blank\" data-hover-background-color=#e4002b data-hover-border-color=#e4002b data-hover-color=#e6e7e8 class=\"qbutton  small left default\" style=\"\">Ver m\u00e1s<\/a>[\/vc_column][vc_column width=\u00bb1\/2&#8243; css=\u00bb.vc_custom_1548756900495{padding-bottom: 30px !important;}\u00bb]<div class=\"qode_video_box\">\n\t<a itemprop=\"image\" class=\"qode_video_image\" href=\"https:\/\/www.youtube.com\/watch?v=S4ZkCGk0uFQ\" data-rel=\"prettyPhoto\">\n\t\t\t\n\t\t\t<img src=\"https:\/\/txearana.net\/wp-content\/uploads\/2019\/05\/Captura-de-Pantalla-2019-04-25-a-les-15.32.07.gif\" \/>\n\t\t\t<span class=\"qode_video_box_button_holder\">\n\t\t\t\t<span class=\"qode_video_box_button\">\n\t\t\t\t\t<span class=\"qode_video_box_button_arrow\">\n\t\t\t\t\t<\/span>\n\t\t\t\t<\/span>\n\t\t\t<\/span>\n\t\t\t<\/a>\n<\/div>[vc_empty_space height=\u00bb45px\u00bb][\/vc_column][\/vc_row][vc_row css_animation=\u00bb\u00bb row_type=\u00bbrow\u00bb use_row_as_full_screen_section=\u00bbno\u00bb type=\u00bbgrid\u00bb angled_section=\u00bbno\u00bb text_align=\u00bbleft\u00bb background_image_as_pattern=\u00bbwithout_pattern\u00bb css=\u00bb.vc_custom_1548750996216{padding-top: 10px !important;padding-bottom: 10px !important;}\u00bb z_index=\u00bb\u00bb][vc_column][rev_slider_vc alias=\u00bbescenarisprincipal\u00bb][\/vc_column][\/vc_row][vc_row css_animation=\u00bb\u00bb row_type=\u00bbrow\u00bb use_row_as_full_screen_section=\u00bbno\u00bb type=\u00bbfull_width\u00bb angled_section=\u00bbno\u00bb text_align=\u00bbleft\u00bb background_image_as_pattern=\u00bbwithout_pattern\u00bb css=\u00bb.vc_custom_1551692916029{padding-right: 20px !important;padding-left: 20px !important;}\u00bb z_index=\u00bb\u00bb][vc_column width=\u00bb1\/4&#8243;][\/vc_column][vc_column width=\u00bb1\/2&#8243;][vc_empty_space height=\u00bb45px\u00bb][vc_column_text]<\/p>\n<h1 style=\"text-align: center;\"><span style=\"color: #e4002b;\"><strong>MAESTRA DE CEREMONIAS<br \/>\n<\/strong><\/span><\/h1>\n<p>&nbsp;<\/p>\n<h3 style=\"text-align: center;\"><strong>El arte de la palabra depende de toda nuestra potencia sensorial.<br \/>\n<\/strong><\/h3>\n<p>&nbsp;<\/p>\n<p style=\"text-align: center;\">Con carisma, seguridad y presencia esc\u00e9nica conecta con todo tipo de audiencias. Domina el arte de la palabra, el espacio y el ritmo gracias a una visi\u00f3n y experiencia global del oficio. Con la percepci\u00f3n y la escucha activadas conduce con talento y fluidez presentaciones de todo tipo de eventos: Actos corporativos, institucionales y conmemorativos. Galas televisivas, entregas de premios y festivales de cine y m\u00fasica. Presentaciones literarias, de productos y proyectos culturales.<\/p>\n<p>[\/vc_column_text][\/vc_column][vc_column width=\u00bb1\/4&#8243;][\/vc_column][\/vc_row][vc_row css_animation=\u00bb\u00bb row_type=\u00bbrow\u00bb use_row_as_full_screen_section=\u00bbno\u00bb type=\u00bbfull_width\u00bb angled_section=\u00bbno\u00bb text_align=\u00bbleft\u00bb background_image_as_pattern=\u00bbwithout_pattern\u00bb][vc_column][vc_empty_space height=\u00bb45px\u00bb]<div class='qode_image_gallery_no_space light highlight_active'><div class='qode_image_gallery_holder' style='height: 200pxpx;'><ul  ><li style = \"opacity: 0.5\" ><div style=\"height: 200pxpx; width:300px;\"><img itemprop=\"image\" src=\"https:\/\/txearana.net\/wp-content\/uploads\/2019\/01\/txe-mcerimonies4.jpg\" alt=\"\" \/><\/div><\/li><li style = \"opacity: 0.5\" ><div style=\"height: 200pxpx; width:300px;\"><img itemprop=\"image\" src=\"https:\/\/txearana.net\/wp-content\/uploads\/2019\/01\/txe-mcerimonies3.jpg\" alt=\"\" \/><\/div><\/li><li style = \"opacity: 0.5\" ><div style=\"height: 200pxpx; width:394px;\"><img itemprop=\"image\" src=\"https:\/\/txearana.net\/wp-content\/uploads\/2018\/04\/Captura-de-pantalla-2019-02-08-a-les-13.07.38.png\" alt=\"\" \/><\/div><\/li><li style = \"opacity: 0.5\" ><div style=\"height: 200pxpx; width:300px;\"><img itemprop=\"image\" src=\"https:\/\/txearana.net\/wp-content\/uploads\/2018\/04\/txe-es3c.jpg\" alt=\"\" \/><\/div><\/li><li style = \"opacity: 0.5\" ><div style=\"height: 200pxpx; width:300px;\"><img itemprop=\"image\" src=\"https:\/\/txearana.net\/wp-content\/uploads\/2018\/04\/txe-es2c.jpg\" alt=\"\" \/><\/div><\/li><li style = \"opacity: 0.5\" ><div style=\"height: 200pxpx; width:300px;\"><img itemprop=\"image\" src=\"https:\/\/txearana.net\/wp-content\/uploads\/2018\/04\/txe-es4.jpg\" alt=\"\" \/><\/div><\/li><li style = \"opacity: 0.5\" ><div style=\"height: 200pxpx; width:300px;\"><img itemprop=\"image\" src=\"https:\/\/txearana.net\/wp-content\/uploads\/2018\/04\/txe-es4b.jpg\" alt=\"\" \/><\/div><\/li><li style = \"opacity: 0.5\" ><div style=\"height: 200pxpx; width:300px;\"><img itemprop=\"image\" src=\"https:\/\/txearana.net\/wp-content\/uploads\/2018\/04\/txe-es5.jpg\" alt=\"\" \/><\/div><\/li><li style = \"opacity: 0.5\" ><div style=\"height: 200pxpx; width:300px;\"><img itemprop=\"image\" src=\"https:\/\/txearana.net\/wp-content\/uploads\/2018\/04\/txe-es3.jpg\" alt=\"\" \/><\/div><\/li><li style = \"opacity: 0.5\" ><div style=\"height: 200pxpx; width:300px;\"><img itemprop=\"image\" src=\"https:\/\/txearana.net\/wp-content\/uploads\/2018\/04\/txe-es3b.jpg\" alt=\"\" \/><\/div><\/li><li style = \"opacity: 0.5\" ><div style=\"height: 200pxpx; width:300px;\"><img itemprop=\"image\" src=\"https:\/\/txearana.net\/wp-content\/uploads\/2018\/04\/txe-es2b.jpg\" alt=\"\" \/><\/div><\/li><li style = \"opacity: 0.5\" ><div style=\"height: 200pxpx; width:300px;\"><img itemprop=\"image\" src=\"https:\/\/txearana.net\/wp-content\/uploads\/2019\/03\/txe-es1c.jpg\" alt=\"\" \/><\/div><\/li><li style = \"opacity: 0.5\" ><div style=\"height: 200pxpx; width:320px;\"><img itemprop=\"image\" src=\"https:\/\/txearana.net\/wp-content\/uploads\/2019\/03\/txe-escenaris2.jpg\" alt=\"\" \/><\/div><\/li><li style = \"opacity: 0.5\" ><div style=\"height: 200pxpx; width:300px;\"><img itemprop=\"image\" src=\"https:\/\/txearana.net\/wp-content\/uploads\/2019\/03\/txe-escenaris.jpg\" alt=\"\" \/><\/div><\/li><li style = \"opacity: 0.5\" ><div style=\"height: 200pxpx; width:300px;\"><img itemprop=\"image\" src=\"https:\/\/txearana.net\/wp-content\/uploads\/2019\/03\/txe-es1b.jpg\" alt=\"\" \/><\/div><\/li><li style = \"opacity: 0.5\" ><div style=\"height: 200pxpx; width:300px;\"><img itemprop=\"image\" src=\"https:\/\/txearana.net\/wp-content\/uploads\/2018\/04\/txe-es5b.jpg\" alt=\"\" \/><\/div><\/li><li style = \"opacity: 0.5\" ><div style=\"height: 200pxpx; width:300px;\"><img itemprop=\"image\" src=\"https:\/\/txearana.net\/wp-content\/uploads\/2018\/04\/txe-es6.jpg\" alt=\"\" \/><\/div><\/li><li style = \"opacity: 0.5\" ><div style=\"height: 200pxpx; width:300px;\"><img itemprop=\"image\" src=\"https:\/\/txearana.net\/wp-content\/uploads\/2018\/04\/txe-es6b.jpg\" alt=\"\" \/><\/div><\/li><li style = \"opacity: 0.5\" ><div style=\"height: 200pxpx; width:300px;\"><img itemprop=\"image\" src=\"https:\/\/txearana.net\/wp-content\/uploads\/2018\/04\/txe-es7.jpg\" alt=\"\" \/><\/div><\/li><li style = \"opacity: 0.5\" ><div style=\"height: 200pxpx; width:300px;\"><img itemprop=\"image\" src=\"https:\/\/txearana.net\/wp-content\/uploads\/2018\/04\/txe-es7b.jpg\" alt=\"\" \/><\/div><\/li><li style = \"opacity: 0.5\" ><div style=\"height: 200pxpx; width:300px;\"><img itemprop=\"image\" src=\"https:\/\/txearana.net\/wp-content\/uploads\/2018\/04\/txe-es9.jpg\" alt=\"\" \/><\/div><\/li><li style = \"opacity: 0.5\" ><div style=\"height: 200pxpx; width:300px;\"><img itemprop=\"image\" src=\"https:\/\/txearana.net\/wp-content\/uploads\/2018\/04\/txe-es8b.jpg\" alt=\"\" \/><\/div><\/li><li style = \"opacity: 0.5\" ><div style=\"height: 200pxpx; width:300px;\"><img itemprop=\"image\" src=\"https:\/\/txearana.net\/wp-content\/uploads\/2018\/04\/txe-es8.jpg\" alt=\"\" \/><\/div><\/li><li style = \"opacity: 0.5\" ><div style=\"height: 200pxpx; width:300px;\"><img itemprop=\"image\" src=\"https:\/\/txearana.net\/wp-content\/uploads\/2019\/01\/txe-mcerimonies2.jpg\" alt=\"\" \/><\/div><\/li><li style = \"opacity: 0.5\" ><div style=\"height: 200pxpx; width:300px;\"><img itemprop=\"image\" src=\"https:\/\/txearana.net\/wp-content\/uploads\/2019\/01\/txe-mcerimonies.jpg\" alt=\"\" \/><\/div><\/li><li style = \"opacity: 0.5\" ><div style=\"height: 200pxpx; width:328px;\"><img itemprop=\"image\" src=\"https:\/\/txearana.net\/wp-content\/uploads\/2019\/01\/txe-escenaris-actriu4.jpg\" alt=\"\" \/><\/div><\/li><li style = \"opacity: 0.5\" ><div style=\"height: 200pxpx; width:328px;\"><img itemprop=\"image\" src=\"https:\/\/txearana.net\/wp-content\/uploads\/2019\/01\/txe-escenaris-actriu3.jpg\" alt=\"\" \/><\/div><\/li><li style = \"opacity: 0.5\" ><div style=\"height: 200pxpx; width:328px;\"><img itemprop=\"image\" src=\"https:\/\/txearana.net\/wp-content\/uploads\/2019\/01\/txe-escenaris-actriu2.jpg\" alt=\"\" \/><\/div><\/li><li style = \"opacity: 0.5\" ><div style=\"height: 200pxpx; width:328px;\"><img itemprop=\"image\" src=\"https:\/\/txearana.net\/wp-content\/uploads\/2019\/01\/txe-escenaris-actriu.jpg\" alt=\"\" \/><\/div><\/li><li style = \"opacity: 0.5\" ><div style=\"height: 200pxpx; width:328px;\"><img itemprop=\"image\" src=\"https:\/\/txearana.net\/wp-content\/uploads\/2019\/01\/escenaris-presentacio2.jpg\" alt=\"\" \/><\/div><\/li><\/ul><\/div><div class=\"controls\"><a class=\"prev-slide\" href=\"#\"><span><i class=\"fa fa-angle-left\"><\/i><\/span><\/a><a class=\"next-slide\" href=\"#\"><span><i class=\"fa fa-angle-right\"><\/i><\/span><\/a><\/div><\/div>[\/vc_column][\/vc_row][vc_row css_animation=\u00bb\u00bb row_type=\u00bbrow\u00bb use_row_as_full_screen_section=\u00bbno\u00bb type=\u00bbfull_width\u00bb angled_section=\u00bbno\u00bb text_align=\u00bbleft\u00bb background_image_as_pattern=\u00bbwithout_pattern\u00bb][vc_column]<div class=\"call_to_action normal\" style=\"background-color: #e4002b;border-top: 1px solid #ffffff;\"><div class=\"container_inner\"><div class=\"two_columns_75_25 clearfix\"><div class=\"text_wrapper column1\"><div class=\"call_to_action_text  font_size_inherit font_weight_inherit\" style=\"font-size:20px;font-weight: 600;\"><strong>Buscas una presentadora de eventos con experiencia?<br \/>\n<\/strong><\/div><\/div><div class=\"button_wrapper column2\"><a itemprop=\"url\" href=\"http:\/\/txearana.net\/es\/trabajamos-juntos\/\" class=\"qbutton white small\" target=\"\" style=\"color: #ffffff;background-color: #000000;\"data-hover-background-color=#ffffff data-hover-border-color=#000000 data-hover-color=#e4002b>CONTACTA CONMIGO<\/a><\/div><\/div><\/div><\/div>[\/vc_column][\/vc_row][vc_row css_animation=\u00bb\u00bb row_type=\u00bbrow\u00bb use_row_as_full_screen_section=\u00bbno\u00bb type=\u00bbgrid\u00bb angled_section=\u00bbno\u00bb text_align=\u00bbleft\u00bb background_image_as_pattern=\u00bbwithout_pattern\u00bb css=\u00bb.vc_custom_1533892731425{padding-top: 100px !important;padding-bottom: 10px !important;}\u00bb z_index=\u00bb\u00bb][vc_column width=\u00bb1\/2&#8243;][vc_column_text]<\/p>\n<h1><span style=\"color: #e4002b;\"><strong>Entrevistadora<br \/>\n<\/strong><\/span><\/h1>\n<p>&nbsp;<\/p>\n<p>Una de las actividades que despierta m\u00e1s mi inter\u00e9s es descubrir y conocer las m\u00faltiples formas de expresi\u00f3n art\u00edstica que existen entre los seres humanos. A lo largo de mi carrera en la radio, la televisi\u00f3n y la prensa, he mantenido numerosas e interesantes conversaciones con artistas y protagonistas de la actualidad y la cultura que me han ayudado a profundizar en uno de los g\u00e9neros m\u00e1s apasionantes que conozco, la entrevista.<\/p>\n<p>&nbsp;<\/p>\n<p><strong>Conversaciones para la Revista Esguard<br \/>\n<\/strong>[\/vc_column_text][vc_empty_space height=\u00bb45px\u00bb]<a  itemprop=\"url\" href=\"https:\/\/vimeo.com\/revistaesguard\/videos\/search:txe%20arana\/sort:date\" target=\"_blank\" data-hover-background-color=#e4002b data-hover-border-color=#e4002b data-hover-color=#e6e7e8 class=\"qbutton  small left default\" style=\"\">DESCUBRE<\/a>[\/vc_column][vc_column width=\u00bb1\/2&#8243; css=\u00bb.vc_custom_1548756900495{padding-bottom: 30px !important;}\u00bb]<div class=\"qode_video_box\">\n\t<a itemprop=\"image\" class=\"qode_video_image\" href=\"https:\/\/www.youtube.com\/watch?v=p1MS5AjZCEA\" data-rel=\"prettyPhoto\">\n\t\t\t\n\t\t\t<img src=\"https:\/\/txearana.net\/wp-content\/uploads\/2019\/05\/Captura-de-Pantalla-2019-05-08-a-les-11.14.35.png\" \/>\n\t\t\t<span class=\"qode_video_box_button_holder\">\n\t\t\t\t<span class=\"qode_video_box_button\">\n\t\t\t\t\t<span class=\"qode_video_box_button_arrow\">\n\t\t\t\t\t<\/span>\n\t\t\t\t<\/span>\n\t\t\t<\/span>\n\t\t\t<\/a>\n<\/div>[vc_empty_space height=\u00bb45px\u00bb][\/vc_column][\/vc_row]<\/p>\n","protected":false},"excerpt":{"rendered":"<p>[vc_row css_animation=\u00bb\u00bb row_type=\u00bbrow\u00bb use_row_as_full_screen_section=\u00bbno\u00bb type=\u00bbfull_width\u00bb angled_section=\u00bbno\u00bb text_align=\u00bbleft\u00bb background_image_as_pattern=\u00bbwithout_pattern\u00bb][vc_column][\/vc_column][\/vc_row][vc_row css_animation=\u00bb\u00bb row_type=\u00bbrow\u00bb use_row_as_full_screen_section=\u00bbno\u00bb type=\u00bbgrid\u00bb angled_section=\u00bbno\u00bb text_align=\u00bbleft\u00bb background_image_as_pattern=\u00bbwithout_pattern\u00bb css=\u00bb.vc_custom_1533892731425{padding-top: 100px !important;padding-bottom: 10px !important;}\u00bb z_index=\u00bb\u00bb][vc_column width=\u00bb1\/2&#8243;][vc_column_text] ACTRIU I COMUNICADORA Teatro \u00b7 Radio y Televisi\u00f3n \u00b7 Eventos \u00b7 Prensa y media. [\/vc_column_text][vc_empty_space height=\u00bb30px\u00bb][vc_column_text css=\u00bb.vc_custom_1560765216128{padding-top: 10px !important;}\u00bb]Un potente v\u00ednculo con el&#8230;<\/p>\n","protected":false},"author":2,"featured_media":0,"parent":0,"menu_order":0,"comment_status":"closed","ping_status":"closed","template":"full_width.php","meta":[],"_links":{"self":[{"href":"https:\/\/txearana.net\/es\/wp-json\/wp\/v2\/pages\/1964"}],"collection":[{"href":"https:\/\/txearana.net\/es\/wp-json\/wp\/v2\/pages"}],"about":[{"href":"https:\/\/txearana.net\/es\/wp-json\/wp\/v2\/types\/page"}],"author":[{"embeddable":true,"href":"https:\/\/txearana.net\/es\/wp-json\/wp\/v2\/users\/2"}],"replies":[{"embeddable":true,"href":"https:\/\/txearana.net\/es\/wp-json\/wp\/v2\/comments?post=1964"}],"version-history":[{"count":4,"href":"https:\/\/txearana.net\/es\/wp-json\/wp\/v2\/pages\/1964\/revisions"}],"predecessor-version":[{"id":2277,"href":"https:\/\/txearana.net\/es\/wp-json\/wp\/v2\/pages\/1964\/revisions\/2277"}],"wp:attachment":[{"href":"https:\/\/txearana.net\/es\/wp-json\/wp\/v2\/media?parent=1964"}],"curies":[{"name":"wp","href":"https:\/\/api.w.org\/{rel}","templated":true}]}}