{"id":1975,"date":"2019-06-17T10:05:39","date_gmt":"2019-06-17T10:05:39","guid":{"rendered":"http:\/\/txearana.net\/?page_id=1975"},"modified":"2019-11-12T15:08:22","modified_gmt":"2019-11-12T15:08:22","slug":"formacio-i-coaching","status":"publish","type":"page","link":"https:\/\/txearana.net\/es\/formacio-i-coaching\/","title":{"rendered":"Formaci\u00f3n y Coaching"},"content":{"rendered":"<p>[vc_row css_animation=\u00bb\u00bb row_type=\u00bbrow\u00bb use_row_as_full_screen_section=\u00bbno\u00bb type=\u00bbfull_width\u00bb angled_section=\u00bbno\u00bb text_align=\u00bbleft\u00bb background_image_as_pattern=\u00bbwithout_pattern\u00bb][vc_column][rev_slider_vc alias=\u00bbformacio-i-coaching-es\u00bb][\/vc_column][\/vc_row][vc_row css_animation=\u00bb\u00bb row_type=\u00bbrow\u00bb use_row_as_full_screen_section=\u00bbno\u00bb type=\u00bbgrid\u00bb angled_section=\u00bbno\u00bb text_align=\u00bbleft\u00bb background_image_as_pattern=\u00bbwithout_pattern\u00bb z_index=\u00bb\u00bb][vc_column width=\u00bb1\/4&#8243;][\/vc_column][vc_column width=\u00bb1\/2&#8243; css=\u00bb.vc_custom_1549883300838{padding-top: 5px !important;}\u00bb][vc_column_text css=\u00bb.vc_custom_1573571094355{padding-top: 50px !important;padding-bottom: 10px !important;}\u00bb]<\/p>\n<h1 class=\"p1\" style=\"text-align: center;\"><span style=\"color: #000000;\"><strong><i>\u201cLa voz interior que empuja a compartir la experiencia\u201d<\/i><\/strong><\/span><\/h1>\n<p>&nbsp;<\/p>\n<p class=\"p1\" style=\"text-align: center;\"><span style=\"color: #e4002b;\">Con la voluntad de contribuir en la formaci\u00f3n de j\u00f3venes, adultos y profesionales de todos los sectores, dedico parte de mi tiempo a impartir cursos y talleres para crecer y mejorar tanto a nivel personal como profesional.<br \/>\n<\/span><\/p>\n<p>[\/vc_column_text][vc_empty_space height=\u00bb30px\u00bb][\/vc_column][vc_column width=\u00bb1\/4&#8243;][\/vc_column][\/vc_row][vc_row css_animation=\u00bb\u00bb row_type=\u00bbrow\u00bb use_row_as_full_screen_section=\u00bbno\u00bb type=\u00bbgrid\u00bb angled_section=\u00bbno\u00bb text_align=\u00bbleft\u00bb background_image_as_pattern=\u00bbwithout_pattern\u00bb css=\u00bb.vc_custom_1533892552273{padding-top: 10px !important;padding-bottom: 50px !important;}\u00bb z_index=\u00bb\u00bb][vc_column width=\u00bb1\/2&#8243; css=\u00bb.vc_custom_1548677486690{background-color: #e6e7e8 !important;}\u00bb][vc_row_inner row_type=\u00bbrow\u00bb type=\u00bbfull_width\u00bb text_align=\u00bbleft\u00bb css_animation=\u00bb\u00bb css=\u00bb.vc_custom_1560504773718{padding-bottom: 50px !important;padding-left: 30px !important;}\u00bb][vc_column_inner][vc_column_text]<\/p>\n<h2><span style=\"color: #e4002b;\">Desarrolla el poder de la comunicaci\u00f3n<br \/>\n<\/span><\/h2>\n<p>&nbsp;<\/p>\n<p><strong><span style=\"color: #e4002b;\">1.<\/span><\/strong> Mejora tu capacidad para relacionarte con los dem\u00e1s.<\/p>\n<p><strong><span style=\"color: #e4002b;\">2.<\/span><\/strong> Perfecciona tus habilidades expresivas.<\/p>\n<p><strong><span style=\"color: #e4002b;\">3.<\/span><\/strong> Aprende a utilizar la palabra hablada con eficacia.<\/p>\n<p><strong><span style=\"color: #e4002b;\">4.<\/span><\/strong> Gestiona tu lenguaje corporal.<\/p>\n<p><strong>\u00a0<\/strong><\/p>\n<h3><strong>Empresas, colectivos y particulares.<br \/>\nTe interesa trabajar en grupo?<br \/>\nUn coaching personalizado?<br \/>\n<\/strong><\/h3>\n<p><strong>Inf\u00f3rmate sobre las sesiones particulares presenciales i <em>online<\/em>.<\/strong>[\/vc_column_text][\/vc_column_inner][\/vc_row_inner][vc_row_inner row_type=\u00bbrow\u00bb type=\u00bbfull_width\u00bb text_align=\u00bbleft\u00bb css_animation=\u00bb\u00bb css=\u00bb.vc_custom_1560505580214{padding-bottom: 50px !important;padding-left: 30px !important;}\u00bb][vc_column_inner]<a  itemprop=\"url\" href=\"http:\/\/txearana.net\/es\/trabajamos-juntos\/\" target=\"_self\" data-hover-background-color=#000000 data-hover-border-color=#000000  class=\"qbutton  large default\" style=\"color: #ffffff; border-color: #e4002b; background-color: #e4002b;\">CONTACTA CONMIGO!<\/a>[\/vc_column_inner][\/vc_row_inner][\/vc_column][vc_column width=\u00bb1\/2&#8243;]<div class=\"qode_video_box\">\n\t<a itemprop=\"image\" class=\"qode_video_image\" href=\"https:\/\/www.youtube.com\/watch?v=7VP_Di4FtJA\" data-rel=\"prettyPhoto\">\n\t\t\t\n\t\t\t<img src=\"https:\/\/txearana.net\/wp-content\/uploads\/2019\/06\/Captura-de-Pantalla-2019-06-20-a-les-8.41.51.png\" \/>\n\t\t\t<span class=\"qode_video_box_button_holder\">\n\t\t\t\t<span class=\"qode_video_box_button\">\n\t\t\t\t\t<span class=\"qode_video_box_button_arrow\">\n\t\t\t\t\t<\/span>\n\t\t\t\t<\/span>\n\t\t\t<\/span>\n\t\t\t<\/a>\n<\/div>[\/vc_column][\/vc_row][vc_row css_animation=\u00bb\u00bb row_type=\u00bbrow\u00bb use_row_as_full_screen_section=\u00bbno\u00bb type=\u00bbfull_width\u00bb angled_section=\u00bbno\u00bb text_align=\u00bbleft\u00bb background_image_as_pattern=\u00bbwithout_pattern\u00bb css=\u00bb.vc_custom_1557823443295{background-color: #e4002b !important;}\u00bb z_index=\u00bb\u00bb][vc_column][vc_column_text css=\u00bb.vc_custom_1573571297885{padding-top: 40px !important;padding-bottom: 40px !important;}\u00bb]<\/p>\n<h1 style=\"text-align: center;\"><span style=\"color: #ffffff;\"><span style=\"color: #000000;\">FORMACIONES Y ENTRENAMIENTOS<\/span><br \/>\n<\/span><\/h1>\n<p>&nbsp;<\/p>\n<p>&nbsp;<\/p>\n<h3 style=\"text-align: center;\"><span style=\"color: #ffffff;\"><strong>\u00abDonde ponemos la atenci\u00f3n est\u00e1 la energ\u00eda y donde hay energ\u00eda crece la vida. Y en medio del camino surgen las preguntas y los planteamientos.\u00bb<br \/>\n<\/strong><\/span><\/h3>\n<p>[\/vc_column_text]<div class=\"call_to_action normal\" style=\"\"><div class=\"container_inner\"><div class=\"two_columns_75_25 clearfix\"><div class=\"text_wrapper column1\"><div class=\"call_to_action_text \" style=\"\"><strong>Pide informaci\u00f3n y consulta el blog para informaci\u00f3n general sobre cursos y talleres<\/strong><\/div><\/div><div class=\"button_wrapper column2\"><a itemprop=\"url\" href=\"http:\/\/txearana.net\/blog\/\" class=\"qbutton white \" target=\"\" style=\"color: #ffffff;border-color: #e4002b;background-color: #e4002b;\"data-hover-background-color=#000000 data-hover-border-color=#000000 >Blog<\/a><\/div><\/div><\/div><\/div>[\/vc_column][\/vc_row][vc_row css_animation=\u00bb\u00bb row_type=\u00bbrow\u00bb use_row_as_full_screen_section=\u00bbno\u00bb type=\u00bbfull_width\u00bb angled_section=\u00bbno\u00bb text_align=\u00bbleft\u00bb background_image_as_pattern=\u00bbwithout_pattern\u00bb][vc_column width=\u00bb1\/5&#8243;][\/vc_column][vc_column width=\u00bb1\/5&#8243; css=\u00bb.vc_custom_1548683539790{padding-right: 50px !important;padding-left: 50px !important;}\u00bb][vc_empty_space height=\u00bb50px\u00bb][vc_single_image image=\u00bb2022&#8243; alignment=\u00bbcenter\u00bb qode_css_animation=\u00bb\u00bb][vc_column_text]<\/p>\n<h3 style=\"text-align: center;\">Oratoria<br \/>\n<span style=\"color: #969696;\">Lectura en voz alta<br \/>\n<\/span><\/h3>\n<p>&nbsp;<\/p>\n<p style=\"text-align: center;\"><strong>Aprender a hablar en p\u00fablico.<br \/>\n.<\/strong><\/p>\n<p style=\"text-align: center;\">Saca el m\u00e1ximo partido a tu voz y al lenguaje no verbal para reforzar tu discurso, comunicar con seguridad y confianza, crear impacto y captar la atenci\u00f3n del p\u00fablico. Aprende a transmitir la esencia de las emociones y el significado de los textos, con convicci\u00f3n y estilo propio.<\/p>\n<p style=\"text-align: center;\"><em>Cursos grupales y clases particulares.<\/em><\/p>\n<p>[\/vc_column_text][\/vc_column][vc_column width=\u00bb1\/5&#8243; css=\u00bb.vc_custom_1548683529044{padding-right: 50px !important;padding-left: 50px !important;}\u00bb][vc_empty_space height=\u00bb50px\u00bb][vc_single_image image=\u00bb1145&#8243; alignment=\u00bbcenter\u00bb qode_css_animation=\u00bb\u00bb][vc_column_text]<\/p>\n<h3 style=\"text-align: center;\">Interpretaci\u00f3n<br \/>\n<span style=\"color: #969696;\">Improvisaci\u00f3n teatral<br \/>\n<\/span><\/h3>\n<p>&nbsp;<\/p>\n<p style=\"text-align: center;\"><strong>Aprender a improvisar.<br \/>\n<\/strong><\/p>\n<p style=\"text-align: center;\">La improvisaci\u00f3n es el arte de la espontaneidad, el eje de la formaci\u00f3n del actor y una magn\u00edfica herramienta para el crecimiento personal. La improvisaci\u00f3n te anima a ser espont\u00e1neo y a seguir tus impulsos. Un espacio ideal para el desarrollo de la expresi\u00f3n art\u00edstica.<\/p>\n<p style=\"text-align: center;\"><em>Talleres y monogr\u00e1ficos para grupos reducidos.<\/em><\/p>\n<p>[\/vc_column_text][\/vc_column][vc_column width=\u00bb1\/5&#8243; css=\u00bb.vc_custom_1548683518076{padding-right: 50px !important;padding-left: 50px !important;}\u00bb][vc_empty_space height=\u00bb50px\u00bb][vc_single_image image=\u00bb1479&#8243; alignment=\u00bbcenter\u00bb qode_css_animation=\u00bb\u00bb][vc_column_text]<\/p>\n<h3 style=\"text-align: center;\">Mentor\u00eda<br \/>\n<span style=\"color: #969696;\">Presencial y online<\/span><\/h3>\n<p>&nbsp;<\/p>\n<p style=\"text-align: center;\"><strong>Perfecciona tus habilidades.\u00a0<\/strong><\/p>\n<p style=\"text-align: center;\">Si eres locutor\/a, presentador\/a, actor\/actriz o profesional de otros sectores y te interesa hacer un trabajo eficaz de refuerzo en locuci\u00f3n y oratoria, podemos hacer una sesi\u00f3n individualizada presencial o a distancia.<br \/>\n<em>Consulta fechas, horarios y tarifas.<\/em><\/p>\n<p>[\/vc_column_text][\/vc_column][vc_column width=\u00bb1\/5&#8243;][\/vc_column][\/vc_row][vc_row css_animation=\u00bb\u00bb row_type=\u00bbrow\u00bb use_row_as_full_screen_section=\u00bbno\u00bb type=\u00bbfull_width\u00bb angled_section=\u00bbno\u00bb text_align=\u00bbleft\u00bb background_image_as_pattern=\u00bbwithout_pattern\u00bb][vc_column][vc_empty_space height=\u00bb80px\u00bb]<div class=\"call_to_action normal\" style=\"background-color: #e4002b;\"><div class=\"container_inner\"><div class=\"two_columns_75_25 clearfix\"><div class=\"text_wrapper column1\"><div class=\"call_to_action_text  font_size_inherit\" style=\"font-size:18px;\"><strong>Quieres formar un grupo de improvisaci\u00f3n teatral? <\/strong><strong>Te interesa ofrecer en tu centro un taller para ayudar a mejorar las habilidades comunicativas? <\/strong><\/div><\/div><div class=\"button_wrapper column2\"><a itemprop=\"url\" href=\"http:\/\/txearana.net\/treballem-junts\/\" class=\"qbutton white small\" target=\"\" style=\"color: #e4002b;border-color: #e6e7e8;background-color: #ffffff;\"data-hover-background-color=#000000 data-hover-border-color=#ffffff data-hover-color=#ffffff>Contacta<\/a><\/div><\/div><\/div><\/div>[vc_empty_space][\/vc_column][\/vc_row]<\/p>\n","protected":false},"excerpt":{"rendered":"<p>[vc_row css_animation=\u00bb\u00bb row_type=\u00bbrow\u00bb use_row_as_full_screen_section=\u00bbno\u00bb type=\u00bbfull_width\u00bb angled_section=\u00bbno\u00bb text_align=\u00bbleft\u00bb background_image_as_pattern=\u00bbwithout_pattern\u00bb][vc_column][rev_slider_vc alias=\u00bbformacio-i-coaching-es\u00bb][\/vc_column][\/vc_row][vc_row css_animation=\u00bb\u00bb row_type=\u00bbrow\u00bb use_row_as_full_screen_section=\u00bbno\u00bb type=\u00bbgrid\u00bb angled_section=\u00bbno\u00bb text_align=\u00bbleft\u00bb background_image_as_pattern=\u00bbwithout_pattern\u00bb z_index=\u00bb\u00bb][vc_column width=\u00bb1\/4&#8243;][\/vc_column][vc_column width=\u00bb1\/2&#8243; css=\u00bb.vc_custom_1549883300838{padding-top: 5px !important;}\u00bb][vc_column_text css=\u00bb.vc_custom_1573571094355{padding-top: 50px !important;padding-bottom: 10px !important;}\u00bb] \u201cLa voz interior que empuja a compartir la experiencia\u201d &nbsp; Con la voluntad de contribuir en la formaci\u00f3n&#8230;<\/p>\n","protected":false},"author":2,"featured_media":0,"parent":0,"menu_order":0,"comment_status":"closed","ping_status":"closed","template":"full_width.php","meta":[],"_links":{"self":[{"href":"https:\/\/txearana.net\/es\/wp-json\/wp\/v2\/pages\/1975"}],"collection":[{"href":"https:\/\/txearana.net\/es\/wp-json\/wp\/v2\/pages"}],"about":[{"href":"https:\/\/txearana.net\/es\/wp-json\/wp\/v2\/types\/page"}],"author":[{"embeddable":true,"href":"https:\/\/txearana.net\/es\/wp-json\/wp\/v2\/users\/2"}],"replies":[{"embeddable":true,"href":"https:\/\/txearana.net\/es\/wp-json\/wp\/v2\/comments?post=1975"}],"version-history":[{"count":10,"href":"https:\/\/txearana.net\/es\/wp-json\/wp\/v2\/pages\/1975\/revisions"}],"predecessor-version":[{"id":2462,"href":"https:\/\/txearana.net\/es\/wp-json\/wp\/v2\/pages\/1975\/revisions\/2462"}],"wp:attachment":[{"href":"https:\/\/txearana.net\/es\/wp-json\/wp\/v2\/media?parent=1975"}],"curies":[{"name":"wp","href":"https:\/\/api.w.org\/{rel}","templated":true}]}}