{"id":2163,"date":"2019-06-27T11:46:23","date_gmt":"2019-06-27T11:46:23","guid":{"rendered":"http:\/\/txearana.net\/?page_id=2163"},"modified":"2019-06-27T11:46:35","modified_gmt":"2019-06-27T11:46:35","slug":"avis-legal","status":"publish","type":"page","link":"https:\/\/txearana.net\/es\/avis-legal\/","title":{"rendered":"Aviso legal"},"content":{"rendered":"<p>[vc_row css_animation=\u00bb\u00bb row_type=\u00bbrow\u00bb use_row_as_full_screen_section=\u00bbno\u00bb type=\u00bbgrid\u00bb angled_section=\u00bbno\u00bb text_align=\u00bbleft\u00bb background_image_as_pattern=\u00bbwithout_pattern\u00bb z_index=\u00bb\u00bb][vc_column width=\u00bb1\/6&#8243;][\/vc_column][vc_column width=\u00bb2\/3&#8243;][vc_column_text css=\u00bb.vc_custom_1561635956681{padding-bottom: 50px !important;}\u00bb]<\/p>\n<h2><strong>Aviso legal<br \/>\n<\/strong><\/h2>\n<p>[\/vc_column_text][vc_column_text css=\u00bb.vc_custom_1561635977868{padding-bottom: 50px !important;}\u00bb]El sitio web y el dominio txearana.net corresponden a Txe Arana ________, con DNI ***_ _ _ _*-*, domicilio profesional en la Calle Can Japot, 20 de Pont\u00f3s (CP 17773) y correo electr\u00f3nico <a href=\"mailto:txearana@txearana.net\">txearana @ txearana.cat<\/a>.<\/p>\n<p><strong>\u00a0<\/strong><\/p>\n<p><strong>\u00a0<\/strong><\/p>\n<p><strong>PROPIEDAD INTELECTUAL E INDUSTRIAL<\/strong><\/p>\n<p>Los derechos sobre los contenidos de este sitio web, incluyendo los textos, im\u00e1genes, dise\u00f1os gr\u00e1ficos, marcas y otros signos distintivos (en adelante los contenidos), pertenecen a Txe Arana o a terceros han autorizado su uso. Txe Arana presenta estos contenidos para informar de sus actividades profesionales. Autoriza la utilizaci\u00f3n de los contenidos para usos no comerciales siempre y cuando se indique de forma la fuente. Si los contenidos se utilizan en entornos web ser\u00e1 necesario incluir un enlace a <u>la p\u00e1gina de inicio del sitio web<\/u>.\u00a0\u00a0\u00a0\u00a0 [enlace directo a la p\u00e1gina web]<\/p>\n<p>El logotipo que identifica la actividad profesional de Txe Arana \u00fanicamente se puede utilizar con la autorizaci\u00f3n previa, expresa y por escrito.<\/p>\n<p>La utilizaci\u00f3n de los contenidos debe ser respetuosa con el derecho a la imagen personal de Txe Arana y del resto de personas que aparecen de forma reconocible. As\u00ed mismo se deben respetar los derechos de propiedad intelectual de los fot\u00f3grafos.<\/p>\n<p>Txe Arana se reserva el derecho a iniciar las acciones legales oportunas en defensa de sus derechos.<\/p>\n<p>No se autorizan presentaci\u00f3n de los contenidos de este sitio web en una ventana ajena a <a href=\"http:\/\/txearana.net\">http:\/\/txearana.net<\/a> [modificar cuando se implante el protocolo SSL] (framing).<\/p>\n<p>&nbsp;<\/p>\n<p><strong>RESPONSABILIDAD SOBRE LOS CONTENIDOS<\/strong><\/p>\n<p>Aunque Txe Arana act\u00faa con el m\u00e1ximo de diligencia posible, se puede dar el caso de que alg\u00fan dato o informaci\u00f3n no est\u00e9 del todo actualizada en el momento que el usuario del sitio web lo consulta.<\/p>\n<p>Txe Arana se reserva el derecho a modificar unilateralmente, en cualquier momento y sin previo aviso, la presentaci\u00f3n, configuraci\u00f3n y contenidos de la web.<\/p>\n<p>Txe Arana no ser\u00e1 responsable de la informaci\u00f3n que se pueda obtener a trav\u00e9s de enlaces incluidos en el sitio web.<\/p>\n<p>&nbsp;<\/p>\n<p>&nbsp;<\/p>\n<p><strong>CONDICIONES DE USO <\/strong><\/p>\n<p>El uso de esta web implica la aceptaci\u00f3n plena de los t\u00e9rminos y condiciones del presente aviso legal. Los posibles conflictos relativos a esta web se regir\u00e1n exclusivamente por el derecho del Estado espa\u00f1ol. Toda persona usuaria de la web, independientemente de la jurisdicci\u00f3n territorial desde la cual se produzca su acceso, acepta el cumplimiento y el respeto de estas cl\u00e1usulas con renuncia expresa a cualquier otro fuero que les pueda corresponder.[\/vc_column_text][\/vc_column][vc_column width=\u00bb1\/6&#8243;][\/vc_column][\/vc_row]<\/p>\n","protected":false},"excerpt":{"rendered":"<p>[vc_row css_animation=\u00bb\u00bb row_type=\u00bbrow\u00bb use_row_as_full_screen_section=\u00bbno\u00bb type=\u00bbgrid\u00bb angled_section=\u00bbno\u00bb text_align=\u00bbleft\u00bb background_image_as_pattern=\u00bbwithout_pattern\u00bb z_index=\u00bb\u00bb][vc_column width=\u00bb1\/6&#8243;][\/vc_column][vc_column width=\u00bb2\/3&#8243;][vc_column_text css=\u00bb.vc_custom_1561635956681{padding-bottom: 50px !important;}\u00bb] Aviso legal [\/vc_column_text][vc_column_text css=\u00bb.vc_custom_1561635977868{padding-bottom: 50px !important;}\u00bb]El sitio web y el dominio txearana.net corresponden a Txe Arana ________, con DNI ***_ _ _ _*-*, domicilio profesional en la Calle Can Japot, 20&#8230;<\/p>\n","protected":false},"author":2,"featured_media":0,"parent":0,"menu_order":0,"comment_status":"closed","ping_status":"closed","template":"","meta":[],"_links":{"self":[{"href":"https:\/\/txearana.net\/es\/wp-json\/wp\/v2\/pages\/2163"}],"collection":[{"href":"https:\/\/txearana.net\/es\/wp-json\/wp\/v2\/pages"}],"about":[{"href":"https:\/\/txearana.net\/es\/wp-json\/wp\/v2\/types\/page"}],"author":[{"embeddable":true,"href":"https:\/\/txearana.net\/es\/wp-json\/wp\/v2\/users\/2"}],"replies":[{"embeddable":true,"href":"https:\/\/txearana.net\/es\/wp-json\/wp\/v2\/comments?post=2163"}],"version-history":[{"count":2,"href":"https:\/\/txearana.net\/es\/wp-json\/wp\/v2\/pages\/2163\/revisions"}],"predecessor-version":[{"id":2165,"href":"https:\/\/txearana.net\/es\/wp-json\/wp\/v2\/pages\/2163\/revisions\/2165"}],"wp:attachment":[{"href":"https:\/\/txearana.net\/es\/wp-json\/wp\/v2\/media?parent=2163"}],"curies":[{"name":"wp","href":"https:\/\/api.w.org\/{rel}","templated":true}]}}