{"id":2168,"date":"2019-06-27T11:49:08","date_gmt":"2019-06-27T11:49:08","guid":{"rendered":"http:\/\/txearana.net\/?page_id=2168"},"modified":"2019-06-27T11:49:08","modified_gmt":"2019-06-27T11:49:08","slug":"politica-de-proteccion-de-datos","status":"publish","type":"page","link":"https:\/\/txearana.net\/es\/politica-de-proteccion-de-datos\/","title":{"rendered":"POL\u00cdTICA DE PROTECCI\u00d3N DE DATOS"},"content":{"rendered":"<p>[vc_row css_animation=\u00bb\u00bb row_type=\u00bbrow\u00bb use_row_as_full_screen_section=\u00bbno\u00bb type=\u00bbgrid\u00bb angled_section=\u00bbno\u00bb text_align=\u00bbleft\u00bb background_image_as_pattern=\u00bbwithout_pattern\u00bb z_index=\u00bb\u00bb][vc_column width=\u00bb1\/6&#8243;][\/vc_column][vc_column width=\u00bb2\/3&#8243;][vc_column_text css=\u00bb.vc_custom_1561636122162{padding-bottom: 50px !important;}\u00bb]<\/p>\n<h2><strong>POL\u00cdTICA DE PROTECCI\u00d3N DE DATOS<br \/>\n<\/strong><\/h2>\n<p>[\/vc_column_text][vc_column_text css=\u00bb.vc_custom_1561636136116{padding-bottom: 50px !important;}\u00bb]<strong>\u00bfQui\u00e9n es el responsable del tratamiento de los datos personales? <\/strong><\/p>\n<p>El responsable del tratamiento de los datos es Txe Arana _______ (en adelante Txe Arana), con DNI ***_ _ _ _*-*, domicilio profesional en la Calle Japot, 20 de Pont\u00f3s (CP 17773), <a href=\"http:\/\/www.txearana.com\">www.txearana.<\/a>net y correo electr\u00f3nico <a href=\"mailto:txearana@txearana.cat\">txearana @ txearana.cat<\/a>.<\/p>\n<p>&nbsp;<\/p>\n<p><strong>\u00bfCon qu\u00e9 finalidad y con qu\u00e9 legitimaci\u00f3n se tratan los datos? <\/strong><\/p>\n<p><u>Contacto<\/u><u>.<\/u> Se atienden consultas de personas que contactan a trav\u00e9s del correo electr\u00f3nico, formulario de contacto de la p\u00e1gina web o telef\u00f3nicamente. Estos datos se tratan con el consentimiento de la persona que ha dirigido.<\/p>\n<p>&nbsp;<\/p>\n<p><u>Servicios a los clientes<\/u><u>. <\/u>Se registran los datos adicionales de los clientes y posibles clientes que se puedan generar como resultado de la relaci\u00f3n precontractual o comercial con estos clientes. La relaci\u00f3n comercial conlleva incorporar los datos en la contabilidad, facturaci\u00f3n o informaci\u00f3n a la administraci\u00f3n tributaria. Los datos se tratan en cumplimiento de obligaciones legales y de las relaciones contractuales y precontractuales.<\/p>\n<p>&nbsp;<\/p>\n<p><u>Gesti\u00f3n de los datos de nuestros proveedores.<\/u> Se tratan los datos de los proveedores de quienes se obtienen servicios o bienes. Se obtienen los datos necesarios para mantener la relaci\u00f3n comercial y se destinan \u00fanicamente a esta finalidad. Los datos se tratan en cumplimiento de las relaciones contractuales y de obligaciones legales.<\/p>\n<p>&nbsp;<\/p>\n<p><strong>\u00bfA qui\u00e9n se comunican los datos? <\/strong><\/p>\n<p>Como criterio general, \u00fanicamente se comunican datos a administraciones o poderes p\u00fablicos, siempre y cuando en cumplimiento de obligaciones legales. En la facturaci\u00f3n se pueden comunicar a entidades bancarias. No se realizan transferencias de datos fuera del \u00e1mbito de la Uni\u00f3n Europea (transferencia internacional).<\/p>\n<p>&nbsp;<\/p>\n<p><strong>\u00bfCu\u00e1nto tiempo conservamos los datos? <\/strong><\/p>\n<p>Se cumple la obligaci\u00f3n de limitar al m\u00e1ximo el plazo de conservaci\u00f3n de los datos. Por estos motivos se conservan s\u00f3lo el tiempo necesario y justificado para la finalidad que motiv\u00f3 la obtenci\u00f3n. En determinados casos, como los datos que figuran en la documentaci\u00f3n contable y la facturaci\u00f3n, la normativa fiscal obliga a conservarlos hasta que prescriban las responsabilidades en esta materia. En el caso de los datos que se tratan en base al consentimiento de la persona interesada, se conservan hasta que esta persona revoque su consentimiento.<\/p>\n<p>&nbsp;<\/p>\n<p><strong>\u00bfQu\u00e9 derechos tienen las personales en relaci\u00f3n con los datos? \u00a0<\/strong><\/p>\n<p>Las personas de las cuales se tratan datos, tienen los siguientes derechos:<\/p>\n<p><u>A acceder<\/u>. Derecho a saber qu\u00e9 datos personales son objeto de tratamiento, cu\u00e1l es la finalidad por la que se tratan, las comunicaciones a otras personas, el derecho a obtener copia o a saber el plazo previsto de supresi\u00f3n.<\/p>\n<p><u>A pedir la rectificaci\u00f3n<\/u>. Derecho a hacer rectificar los datos inexactos.<\/p>\n<p>&nbsp;<\/p>\n<p><u>A pedir la supresi\u00f3n<\/u>. Derecho a pedir la supresi\u00f3n de los datos cuando, entre otros motivos, no sea necesarios para las finalidades por los cuales se recogieron y justificaban el tratamiento.<\/p>\n<p><u>A pedir la limitaci\u00f3n del tratamiento<\/u>. En determinadas circunstancias existe el derecho a pedir la limitaci\u00f3n del tratamiento de los datos: dejar\u00e1n de ser tratados y s\u00f3lo se conservar\u00e1n para el ejercicio o la defensa de reclamaciones.<\/p>\n<p><u>A la portabilidad<\/u>. Derecho a obtener los datos personales en un formato de uso com\u00fan le\u00edble por m\u00e1quina y a transmitirlos a otro responsable del tratamiento si as\u00ed lo decide el interesado.<\/p>\n<p>A oponerse al tratamiento. En aducir motivos relacionados con su situaci\u00f3n particular, una persona puede pedir que se dejen de tratar sus datos si le puede conllevar un perjuicio.<\/p>\n<p>&nbsp;<\/p>\n<p><strong>\u00bfC\u00f3mo se pueden ejercer o defender los derechos?<\/strong><\/p>\n<p><strong>\u00a0<\/strong><\/p>\n<p>Los derechos que se acaban de enumerar se pueden ejercer dirigiendo una solicitud escrita a Txe Arana en la direcci\u00f3n postal Carrer Can Japot, 20 de Pont\u00f3s (CP 17773), o bien enviando un correo electr\u00f3nico a <a href=\"mailto:txearana@txearana.cat\">txearana @ txearana.cat<\/a> indicando en todos los casos \u201cProtecci\u00f3n de datos personales\u201d. Si no se ha obtenido respuesta satisfactoria en el ejercicio de los derechos es posible presentar una reclamaci\u00f3n ante la Agencia Espa\u00f1ola de Protecci\u00f3n de Datos, a trav\u00e9s de los formularios u otros canales accesibles desde su p\u00e1gina <a href=\"http:\/\/www.agdp.es\">www.agdp.es<\/a>.[\/vc_column_text][\/vc_column][vc_column width=\u00bb1\/6&#8243;][\/vc_column][\/vc_row]<\/p>\n","protected":false},"excerpt":{"rendered":"<p>[vc_row css_animation=\u00bb\u00bb row_type=\u00bbrow\u00bb use_row_as_full_screen_section=\u00bbno\u00bb type=\u00bbgrid\u00bb angled_section=\u00bbno\u00bb text_align=\u00bbleft\u00bb background_image_as_pattern=\u00bbwithout_pattern\u00bb z_index=\u00bb\u00bb][vc_column width=\u00bb1\/6&#8243;][\/vc_column][vc_column width=\u00bb2\/3&#8243;][vc_column_text css=\u00bb.vc_custom_1561636122162{padding-bottom: 50px !important;}\u00bb] POL\u00cdTICA DE PROTECCI\u00d3N DE DATOS [\/vc_column_text][vc_column_text css=\u00bb.vc_custom_1561636136116{padding-bottom: 50px !important;}\u00bb]\u00bfQui\u00e9n es el responsable del tratamiento de los datos personales? El responsable del tratamiento de los datos es Txe Arana _______ (en adelante&#8230;<\/p>\n","protected":false},"author":2,"featured_media":0,"parent":0,"menu_order":0,"comment_status":"closed","ping_status":"closed","template":"","meta":[],"_links":{"self":[{"href":"https:\/\/txearana.net\/es\/wp-json\/wp\/v2\/pages\/2168"}],"collection":[{"href":"https:\/\/txearana.net\/es\/wp-json\/wp\/v2\/pages"}],"about":[{"href":"https:\/\/txearana.net\/es\/wp-json\/wp\/v2\/types\/page"}],"author":[{"embeddable":true,"href":"https:\/\/txearana.net\/es\/wp-json\/wp\/v2\/users\/2"}],"replies":[{"embeddable":true,"href":"https:\/\/txearana.net\/es\/wp-json\/wp\/v2\/comments?post=2168"}],"version-history":[{"count":1,"href":"https:\/\/txearana.net\/es\/wp-json\/wp\/v2\/pages\/2168\/revisions"}],"predecessor-version":[{"id":2169,"href":"https:\/\/txearana.net\/es\/wp-json\/wp\/v2\/pages\/2168\/revisions\/2169"}],"wp:attachment":[{"href":"https:\/\/txearana.net\/es\/wp-json\/wp\/v2\/media?parent=2168"}],"curies":[{"name":"wp","href":"https:\/\/api.w.org\/{rel}","templated":true}]}}